{"id":8027,"date":"2026-02-05T15:52:05","date_gmt":"2026-02-05T14:52:05","guid":{"rendered":"https:\/\/www.optimcar.fr\/?page_id=8027"},"modified":"2026-02-25T15:19:26","modified_gmt":"2026-02-25T14:19:26","slug":"merci","status":"publish","type":"page","link":"https:\/\/www.optimcar.fr\/it\/merci\/","title":{"rendered":"Merci"},"content":{"rendered":"\t\t<div data-elementor-type=\"wp-page\" data-elementor-id=\"8027\" class=\"elementor elementor-8027\">\n\t\t\t\t\t\t<section class=\"elementor-section elementor-top-section elementor-element elementor-element-4055b57 elementor-section-full_width elementor-section-height-default elementor-section-height-default\" data-id=\"4055b57\" data-element_type=\"section\">\n\t\t\t\t\t\t<div class=\"elementor-container elementor-column-gap-default\">\n\t\t\t\t\t<div class=\"elementor-column elementor-col-100 elementor-top-column elementor-element elementor-element-5ecf9b3\" data-id=\"5ecf9b3\" data-element_type=\"column\">\n\t\t\t<div class=\"elementor-widget-wrap elementor-element-populated\">\n\t\t\t\t\t\t<div class=\"elementor-element elementor-element-2234788 elementor-widget elementor-widget-optimcar_thank_you\" data-id=\"2234788\" data-element_type=\"widget\" data-widget_type=\"optimcar_thank_you.default\">\n\t\t\t\t<div class=\"elementor-widget-container\">\n\t\t\t        <section class=\"optimcar-thank-you\">\n            <div class=\"optimcar-container\">\n                <div class=\"optimcar-thank-you-block\">\n                    <div class=\"optimcar-thank-you-icon\" aria-hidden=\"true\">\u2713<\/div>\n                    <h2 class=\"optimcar-thank-you-title\">Merci pour votre demande<\/h2>\n                    <p class=\"optimcar-thank-you-text\">Votre message a bien \u00e9t\u00e9 envoy\u00e9. Un expert OptimCar vous rappellera sous 24h. \n<\/p>\n\n                    <div class=\"optimcar-thank-you-scheduler\">\n                        <p class=\"optimcar-thank-you-scheduler-text\">Vous pouvez \u00e9galement planifier un rendez-vous d\u00e8s maintenant :<\/p>\n                        <a href=\"https:\/\/hexagone-automotive-29d310.pipedrive.com\/scheduler\/mv2p3qU09\/rendez-vous-visio-de-presentationformation\" class=\"optimcar-thank-you-scheduler-btn\" target=\"_blank\" rel=\"noopener noreferrer nofollow\">\n                            <svg width=\"20\" height=\"20\" viewBox=\"0 0 24 24\" fill=\"none\" stroke=\"currentColor\" stroke-width=\"2\" stroke-linecap=\"round\" stroke-linejoin=\"round\" aria-hidden=\"true\"><rect x=\"3\" y=\"4\" width=\"18\" height=\"18\" rx=\"2\" ry=\"2\"\/><line x1=\"16\" y1=\"2\" x2=\"16\" y2=\"6\"\/><line x1=\"8\" y1=\"2\" x2=\"8\" y2=\"6\"\/><line x1=\"3\" y1=\"10\" x2=\"21\" y2=\"10\"\/><\/svg>\n                            Je r\u00e9serve un cr\u00e9neau                        <\/a>\n                    <\/div>\n\n                    <a href=\"https:\/\/www.optimcar.fr\/demo\/\" class=\"optimcar-thank-you-btn\">\n                        Retour                    <\/a>\n                <\/div>\n            <\/div>\n        <\/section>\n        \t\t<\/div>\n\t\t\t\t<\/div>\n\t\t\t\t\t<\/div>\n\t\t<\/div>\n\t\t\t\t\t<\/div>\n\t\t<\/section>\n\t\t\t\t<\/div>\n\t\t","protected":false},"excerpt":{"rendered":"<p>\u2713 Merci pour votre demande Votre message a bien \u00e9t\u00e9 envoy\u00e9. Un expert OptimCar vous rappellera sous 24h. Vous pouvez \u00e9galement planifier un rendez-vous d\u00e8s maintenant : Je r\u00e9serve un cr\u00e9neau Retour<\/p>\n","protected":false},"author":1,"featured_media":0,"parent":0,"menu_order":0,"comment_status":"closed","ping_status":"closed","template":"","meta":{"_monsterinsights_skip_tracking":false,"_monsterinsights_sitenote_active":false,"_monsterinsights_sitenote_note":"","_monsterinsights_sitenote_category":0,"footnotes":""},"class_list":["post-8027","page","type-page","status-publish","hentry"],"yoast_head":"<!-- This site is optimized with the Yoast SEO plugin v24.4 - https:\/\/yoast.com\/wordpress\/plugins\/seo\/ -->\n<title>Merci - Optimcar<\/title>\n<meta name=\"robots\" content=\"index, follow, max-snippet:-1, max-image-preview:large, max-video-preview:-1\" \/>\n<link rel=\"canonical\" href=\"https:\/\/www.optimcar.fr\/it\/merci\/\" \/>\n<meta property=\"og:locale\" content=\"fr_FR\" \/>\n<meta property=\"og:type\" content=\"article\" \/>\n<meta property=\"og:title\" content=\"Merci - Optimcar\" \/>\n<meta property=\"og:description\" content=\"\u2713 Merci pour votre demande Votre message a bien \u00e9t\u00e9 envoy\u00e9. Un expert OptimCar vous rappellera sous 24h. Vous pouvez \u00e9galement planifier un rendez-vous d\u00e8s maintenant : Je r\u00e9serve un cr\u00e9neau Retour\" \/>\n<meta property=\"og:url\" content=\"https:\/\/www.optimcar.fr\/merci\/\" \/>\n<meta property=\"og:site_name\" content=\"Optimcar\" \/>\n<meta property=\"article:modified_time\" content=\"2026-02-25T14:19:26+00:00\" \/>\n<meta name=\"twitter:card\" content=\"summary_large_image\" \/>\n<meta name=\"twitter:label1\" content=\"Tempo di lettura stimato\" \/>\n\t<meta name=\"twitter:data1\" content=\"1 minuto\" \/>\n<script type=\"application\/ld+json\" class=\"yoast-schema-graph\">{\"@context\":\"https:\/\/schema.org\",\"@graph\":[{\"@type\":\"WebPage\",\"@id\":\"https:\/\/www.optimcar.fr\/merci\/\",\"url\":\"https:\/\/www.optimcar.fr\/merci\/\",\"name\":\"Merci - Optimcar\",\"isPartOf\":{\"@id\":\"https:\/\/www.optimcar.fr\/#website\"},\"datePublished\":\"2026-02-05T14:52:05+00:00\",\"dateModified\":\"2026-02-25T14:19:26+00:00\",\"breadcrumb\":{\"@id\":\"https:\/\/www.optimcar.fr\/merci\/#breadcrumb\"},\"inLanguage\":\"it-IT\",\"potentialAction\":[{\"@type\":\"ReadAction\",\"target\":[\"https:\/\/www.optimcar.fr\/merci\/\"]}]},{\"@type\":\"BreadcrumbList\",\"@id\":\"https:\/\/www.optimcar.fr\/merci\/#breadcrumb\",\"itemListElement\":[{\"@type\":\"ListItem\",\"position\":1,\"name\":\"Accueil\",\"item\":\"https:\/\/www.optimcar.fr\/\"},{\"@type\":\"ListItem\",\"position\":2,\"name\":\"Merci\"}]},{\"@type\":\"WebSite\",\"@id\":\"https:\/\/www.optimcar.fr\/#website\",\"url\":\"https:\/\/www.optimcar.fr\/\",\"name\":\"PiloteVO\",\"description\":\"\",\"publisher\":{\"@id\":\"https:\/\/www.optimcar.fr\/#organization\"},\"potentialAction\":[{\"@type\":\"SearchAction\",\"target\":{\"@type\":\"EntryPoint\",\"urlTemplate\":\"https:\/\/www.optimcar.fr\/?s={search_term_string}\"},\"query-input\":{\"@type\":\"PropertyValueSpecification\",\"valueRequired\":true,\"valueName\":\"search_term_string\"}}],\"inLanguage\":\"it-IT\"},{\"@type\":\"Organization\",\"@id\":\"https:\/\/www.optimcar.fr\/#organization\",\"name\":\"PiloteVO\",\"url\":\"https:\/\/www.optimcar.fr\/\",\"logo\":{\"@type\":\"ImageObject\",\"inLanguage\":\"it-IT\",\"@id\":\"https:\/\/www.optimcar.fr\/#\/schema\/logo\/image\/\",\"url\":\"https:\/\/www.pilotevo.fr\/wp-content\/uploads\/2023\/06\/logo-20.png\",\"contentUrl\":\"https:\/\/www.pilotevo.fr\/wp-content\/uploads\/2023\/06\/logo-20.png\",\"width\":390,\"height\":86,\"caption\":\"PiloteVO\"},\"image\":{\"@id\":\"https:\/\/www.optimcar.fr\/#\/schema\/logo\/image\/\"}}]}<\/script>\n<!-- \/ Yoast SEO plugin. -->","yoast_head_json":{"title":"Merci - Optimcar","robots":{"index":"index","follow":"follow","max-snippet":"max-snippet:-1","max-image-preview":"max-image-preview:large","max-video-preview":"max-video-preview:-1"},"canonical":"https:\/\/www.optimcar.fr\/merci\/","og_locale":"fr_FR","og_type":"article","og_title":"Merci - Optimcar","og_description":"\u2713 Merci pour votre demande Votre message a bien \u00e9t\u00e9 envoy\u00e9. Un expert OptimCar vous rappellera sous 24h. Vous pouvez \u00e9galement planifier un rendez-vous d\u00e8s maintenant : Je r\u00e9serve un cr\u00e9neau Retour","og_url":"https:\/\/www.optimcar.fr\/merci\/","og_site_name":"Optimcar","article_modified_time":"2026-02-25T14:19:26+00:00","twitter_card":"summary_large_image","twitter_misc":{"Tempo di lettura stimato":"1 minuto"},"schema":{"@context":"https:\/\/schema.org","@graph":[{"@type":"WebPage","@id":"https:\/\/www.optimcar.fr\/merci\/","url":"https:\/\/www.optimcar.fr\/merci\/","name":"Merci - Optimcar","isPartOf":{"@id":"https:\/\/www.optimcar.fr\/#website"},"datePublished":"2026-02-05T14:52:05+00:00","dateModified":"2026-02-25T14:19:26+00:00","breadcrumb":{"@id":"https:\/\/www.optimcar.fr\/merci\/#breadcrumb"},"inLanguage":"it-IT","potentialAction":[{"@type":"ReadAction","target":["https:\/\/www.optimcar.fr\/merci\/"]}]},{"@type":"BreadcrumbList","@id":"https:\/\/www.optimcar.fr\/merci\/#breadcrumb","itemListElement":[{"@type":"ListItem","position":1,"name":"Accueil","item":"https:\/\/www.optimcar.fr\/"},{"@type":"ListItem","position":2,"name":"Merci"}]},{"@type":"WebSite","@id":"https:\/\/www.optimcar.fr\/#website","url":"https:\/\/www.optimcar.fr\/","name":"PiloteVO","description":"","publisher":{"@id":"https:\/\/www.optimcar.fr\/#organization"},"potentialAction":[{"@type":"SearchAction","target":{"@type":"EntryPoint","urlTemplate":"https:\/\/www.optimcar.fr\/?s={search_term_string}"},"query-input":{"@type":"PropertyValueSpecification","valueRequired":true,"valueName":"search_term_string"}}],"inLanguage":"it-IT"},{"@type":"Organization","@id":"https:\/\/www.optimcar.fr\/#organization","name":"PiloteVO","url":"https:\/\/www.optimcar.fr\/","logo":{"@type":"ImageObject","inLanguage":"it-IT","@id":"https:\/\/www.optimcar.fr\/#\/schema\/logo\/image\/","url":"https:\/\/www.pilotevo.fr\/wp-content\/uploads\/2023\/06\/logo-20.png","contentUrl":"https:\/\/www.pilotevo.fr\/wp-content\/uploads\/2023\/06\/logo-20.png","width":390,"height":86,"caption":"PiloteVO"},"image":{"@id":"https:\/\/www.optimcar.fr\/#\/schema\/logo\/image\/"}}]}},"_links":{"self":[{"href":"https:\/\/www.optimcar.fr\/wp-json\/wp\/v2\/pages\/8027","targetHints":{"allow":["GET"]}}],"collection":[{"href":"https:\/\/www.optimcar.fr\/wp-json\/wp\/v2\/pages"}],"about":[{"href":"https:\/\/www.optimcar.fr\/wp-json\/wp\/v2\/types\/page"}],"author":[{"embeddable":true,"href":"https:\/\/www.optimcar.fr\/wp-json\/wp\/v2\/users\/1"}],"replies":[{"embeddable":true,"href":"https:\/\/www.optimcar.fr\/wp-json\/wp\/v2\/comments?post=8027"}],"version-history":[{"count":25,"href":"https:\/\/www.optimcar.fr\/wp-json\/wp\/v2\/pages\/8027\/revisions"}],"predecessor-version":[{"id":8157,"href":"https:\/\/www.optimcar.fr\/wp-json\/wp\/v2\/pages\/8027\/revisions\/8157"}],"wp:attachment":[{"href":"https:\/\/www.optimcar.fr\/wp-json\/wp\/v2\/media?parent=8027"}],"curies":[{"name":"wp","href":"https:\/\/api.w.org\/{rel}","templated":true}]}}