{"id":6638,"date":"2024-05-30T09:51:28","date_gmt":"2024-05-30T07:51:28","guid":{"rendered":"http:\/\/front.intuityvo.fr\/?page_id=6638"},"modified":"2025-02-06T10:46:34","modified_gmt":"2025-02-06T09:46:34","slug":"creer-une-societe-de-vente-automobile","status":"publish","type":"page","link":"https:\/\/www.optimcar.fr\/it\/creare-unazienda-di-vendita-auto\/","title":{"rendered":"Cr\u00e9er une soci\u00e9t\u00e9 de vente automobile"},"content":{"rendered":"\t\t<div data-elementor-type=\"wp-page\" data-elementor-id=\"6638\" class=\"elementor elementor-6638\">\n\t\t\t\t\t\t<section class=\"elementor-section elementor-top-section elementor-element elementor-element-73c59b7 elementor-section-boxed elementor-section-height-default elementor-section-height-default\" data-id=\"73c59b7\" data-element_type=\"section\">\n\t\t\t\t\t\t<div class=\"elementor-container elementor-column-gap-default\">\n\t\t\t\t\t<div class=\"elementor-column elementor-col-100 elementor-top-column elementor-element elementor-element-b571525\" data-id=\"b571525\" data-element_type=\"column\">\n\t\t\t<div class=\"elementor-widget-wrap elementor-element-populated\">\n\t\t\t\t\t\t<div class=\"elementor-element elementor-element-4ff08a1 elementor-widget elementor-widget-heading\" data-id=\"4ff08a1\" data-element_type=\"widget\" data-widget_type=\"heading.default\">\n\t\t\t\t<div class=\"elementor-widget-container\">\n\t\t\t<style>\/*! elementor - v3.20.0 - 26-03-2024 *\/\n.elementor-heading-title{padding:0;margin:0;line-height:1}.elementor-widget-heading .elementor-heading-title[class*=elementor-size-]>a{color:inherit;font-size:inherit;line-height:inherit}.elementor-widget-heading .elementor-heading-title.elementor-size-small{font-size:15px}.elementor-widget-heading .elementor-heading-title.elementor-size-medium{font-size:19px}.elementor-widget-heading .elementor-heading-title.elementor-size-large{font-size:29px}.elementor-widget-heading .elementor-heading-title.elementor-size-xl{font-size:39px}.elementor-widget-heading .elementor-heading-title.elementor-size-xxl{font-size:59px}<\/style><h2 class=\"elementor-heading-title elementor-size-default\">Guide complet pour les entrepreneurs ambitieux<\/h2>\t\t<\/div>\n\t\t\t\t<\/div>\n\t\t\t\t\t<\/div>\n\t\t<\/div>\n\t\t\t\t\t<\/div>\n\t\t<\/section>\n\t\t\t\t<section class=\"elementor-section elementor-top-section elementor-element elementor-element-a8266a4 elementor-section-boxed elementor-section-height-default elementor-section-height-default\" data-id=\"a8266a4\" data-element_type=\"section\">\n\t\t\t\t\t\t<div class=\"elementor-container elementor-column-gap-default\">\n\t\t\t\t\t<div class=\"elementor-column elementor-col-100 elementor-top-column elementor-element elementor-element-f7dc4c6\" data-id=\"f7dc4c6\" data-element_type=\"column\">\n\t\t\t<div class=\"elementor-widget-wrap elementor-element-populated\">\n\t\t\t\t\t\t<div class=\"elementor-element elementor-element-b09e03f elementor-widget elementor-widget-text-editor\" data-id=\"b09e03f\" data-element_type=\"widget\" data-widget_type=\"text-editor.default\">\n\t\t\t\t<div class=\"elementor-widget-container\">\n\t\t\t<style>\/*! elementor - v3.20.0 - 26-03-2024 *\/\n.elementor-widget-text-editor.elementor-drop-cap-view-stacked .elementor-drop-cap{background-color:#69727d;color:#fff}.elementor-widget-text-editor.elementor-drop-cap-view-framed .elementor-drop-cap{color:#69727d;border:3px solid;background-color:transparent}.elementor-widget-text-editor:not(.elementor-drop-cap-view-default) .elementor-drop-cap{margin-top:8px}.elementor-widget-text-editor:not(.elementor-drop-cap-view-default) .elementor-drop-cap-letter{width:1em;height:1em}.elementor-widget-text-editor .elementor-drop-cap{float:left;text-align:center;line-height:1;font-size:50px}.elementor-widget-text-editor .elementor-drop-cap-letter{display:inline-block}<\/style>\t\t\t\t<p>L&rsquo;industrie automobile est un secteur dynamique et lucratif qui offre d&rsquo;innombrables opportunit\u00e9s pour les entrepreneurs. Cr\u00e9er une soci\u00e9t\u00e9 de vente automobile peut \u00eatre une entreprise fructueuse, \u00e0 condition de bien pr\u00e9parer chaque \u00e9tape. Dans cet article, nous allons explorer les principaux aspects \u00e0 consid\u00e9rer pour lancer votre propre concession de voitures.<\/p>\t\t\t\t\t\t<\/div>\n\t\t\t\t<\/div>\n\t\t\t\t\t<\/div>\n\t\t<\/div>\n\t\t\t\t\t<\/div>\n\t\t<\/section>\n\t\t\t\t<section class=\"elementor-section elementor-top-section elementor-element elementor-element-7e9afee elementor-section-boxed elementor-section-height-default elementor-section-height-default\" data-id=\"7e9afee\" data-element_type=\"section\">\n\t\t\t\t\t\t<div class=\"elementor-container elementor-column-gap-default\">\n\t\t\t\t\t<div class=\"elementor-column elementor-col-100 elementor-top-column elementor-element elementor-element-cc2ae8b\" data-id=\"cc2ae8b\" data-element_type=\"column\">\n\t\t\t<div class=\"elementor-widget-wrap elementor-element-populated\">\n\t\t\t\t\t\t<div class=\"elementor-element elementor-element-c8ed102 elementor-widget elementor-widget-image\" data-id=\"c8ed102\" data-element_type=\"widget\" data-widget_type=\"image.default\">\n\t\t\t\t<div class=\"elementor-widget-container\">\n\t\t\t<style>\/*! elementor - v3.20.0 - 26-03-2024 *\/\n.elementor-widget-image{text-align:center}.elementor-widget-image a{display:inline-block}.elementor-widget-image a img[src$=\".svg\"]{width:48px}.elementor-widget-image img{vertical-align:middle;display:inline-block}<\/style>\t\t\t\t\t\t\t\t\t\t<img fetchpriority=\"high\" decoding=\"async\" width=\"1024\" height=\"683\" src=\"https:\/\/www.optimcar.fr\/wp-content\/uploads\/2025\/02\/5-9-1024x683.png\" class=\"attachment-large size-large wp-image-6985\" alt=\"\" srcset=\"https:\/\/www.optimcar.fr\/wp-content\/uploads\/2025\/02\/5-9-1024x683.png 1024w, https:\/\/www.optimcar.fr\/wp-content\/uploads\/2025\/02\/5-9-300x200.png 300w, https:\/\/www.optimcar.fr\/wp-content\/uploads\/2025\/02\/5-9-768x512.png 768w, https:\/\/www.optimcar.fr\/wp-content\/uploads\/2025\/02\/5-9-600x400.png 600w, https:\/\/www.optimcar.fr\/wp-content\/uploads\/2025\/02\/5-9.png 1380w\" sizes=\"(max-width: 1024px) 100vw, 1024px\" \/>\t\t\t\t\t\t\t\t\t\t\t\t\t<\/div>\n\t\t\t\t<\/div>\n\t\t\t\t\t<\/div>\n\t\t<\/div>\n\t\t\t\t\t<\/div>\n\t\t<\/section>\n\t\t\t\t<section class=\"elementor-section elementor-top-section elementor-element elementor-element-9e9325b elementor-section-boxed elementor-section-height-default elementor-section-height-default\" data-id=\"9e9325b\" data-element_type=\"section\">\n\t\t\t\t\t\t<div class=\"elementor-container elementor-column-gap-default\">\n\t\t\t\t\t<div class=\"elementor-column elementor-col-100 elementor-top-column elementor-element elementor-element-f49878e\" data-id=\"f49878e\" data-element_type=\"column\">\n\t\t\t<div class=\"elementor-widget-wrap elementor-element-populated\">\n\t\t\t\t\t\t<div class=\"elementor-element elementor-element-32b1d2a elementor-widget elementor-widget-text-editor\" data-id=\"32b1d2a\" data-element_type=\"widget\" data-widget_type=\"text-editor.default\">\n\t\t\t\t<div class=\"elementor-widget-container\">\n\t\t\t\t\t\t\t<h5>1. \u00c9tude de march\u00e9<\/h5><p>Avant de vous lancer, il est crucial de r\u00e9aliser une \u00e9tude de march\u00e9 approfondie. Cela comprend :<\/p><ul><li><strong>Analyse de la demande<\/strong> : \u00e9valuer la demande pour diff\u00e9rents types de v\u00e9hicules (neufs, d&rsquo;occasion, \u00e9lectriques, hybrides).<\/li><li><strong>Concurrence<\/strong> : identifier vos concurrents directs et indirects, et analyser leurs forces et faiblesses.<\/li><li><strong>Client\u00e8le cible<\/strong> : d\u00e9terminer votre public cible, leurs pr\u00e9f\u00e9rences et leur pouvoir d&rsquo;achat.<\/li><\/ul><h5>2. Business Plan<\/h5><p>Un business plan solide est essentiel pour structurer votre projet et attirer les investisseurs. Voici les \u00e9l\u00e9ments cl\u00e9s \u00e0 inclure :<\/p><ul><li><strong>R\u00e9sum\u00e9 ex\u00e9cutif<\/strong> : pr\u00e9sentation succincte de votre projet.<\/li><li><strong>Description de l&rsquo;entreprise<\/strong> : nature de votre activit\u00e9, vision, mission.<\/li><li><strong>Analyse de march\u00e9<\/strong> : r\u00e9sultats de votre \u00e9tude de march\u00e9.<\/li><li><strong>Strat\u00e9gie marketing<\/strong> : plans pour attirer et retenir les clients.<\/li><li><strong>Organisation et management<\/strong> : structure de l&rsquo;\u00e9quipe et responsabilit\u00e9s.<\/li><li><strong>Pr\u00e9visions financi\u00e8res<\/strong> : budget, projections de ventes, besoins en financement.<\/li><\/ul><h5>3. Choix de l\u2019emplacement<\/h5><p>L&#8217;emplacement de votre concession est crucial pour attirer une client\u00e8le suffisante. Consid\u00e9rez les \u00e9l\u00e9ments suivants :<\/p><ul><li><strong>Visibilit\u00e9 et accessibilit\u00e9<\/strong> : choisissez un lieu facilement accessible et bien visible.<\/li><li><strong>Zone g\u00e9ographique<\/strong> : privil\u00e9giez une zone \u00e0 forte affluence avec peu de concurrence directe.<\/li><li><strong>Surface<\/strong> : assurez-vous que l&rsquo;espace est suffisant pour exposer les v\u00e9hicules et accueillir les clients.<\/li><\/ul><h5>4. Aspect juridique et administratif<\/h5><p>Cr\u00e9er une soci\u00e9t\u00e9 de vente automobile implique de nombreuses formalit\u00e9s administratives :<\/p><ul><li><strong>Choix du statut juridique<\/strong>\u00a0: SARL, SAS, entreprise individuelle, etc.<\/li><li><strong>Enregistrement de l\u2019entreprise<\/strong> : inscription au registre du commerce et des soci\u00e9t\u00e9s (RCS).<\/li><li><strong>Obtention des licences et permis<\/strong> : autorisations sp\u00e9cifiques pour vendre des v\u00e9hicules.<\/li><li><strong>Assurances<\/strong> : souscrire des assurances adapt\u00e9es pour prot\u00e9ger votre entreprise et vos clients.<\/li><\/ul><h5>5. Approvisionnement et gestion des stocks<\/h5><p>La gestion efficace de votre stock est essentielle pour r\u00e9pondre aux besoins des clients :<\/p><ul><li><strong>Sources d\u2019approvisionnement<\/strong> : nouer des partenariats avec des constructeurs, des importateurs ou des grossistes.<\/li><li><strong>Gestion des stocks<\/strong> : utiliser un logiciel de gestion des stocks pour suivre les entr\u00e9es et sorties de v\u00e9hicules.<\/li><li><strong>Entretien des v\u00e9hicules<\/strong> : assurer la maintenance r\u00e9guli\u00e8re des v\u00e9hicules pour garantir leur qualit\u00e9.<\/li><\/ul><h5>6. Strat\u00e9gie marketing et vente<\/h5><p>Une strat\u00e9gie marketing efficace est cruciale pour attirer et fid\u00e9liser les clients :<\/p><ul><li><strong>Publicit\u00e9 et promotion<\/strong> : utiliser des canaux vari\u00e9s (publicit\u00e9 en ligne, presse locale, \u00e9v\u00e9nements) pour promouvoir votre entreprise.<\/li><li><strong>Site Web et pr\u00e9sence en ligne<\/strong> : cr\u00e9er un site web attrayant et optimis\u00e9 pour le r\u00e9f\u00e9rencement (SEO) et \u00eatre actif sur les r\u00e9seaux sociaux.<\/li><li><strong>Service client<\/strong> : offrir un service client exceptionnel pour se diff\u00e9rencier de la concurrence.<\/li><\/ul><h5>7. Financement<\/h5><p>Le financement est souvent un d\u00e9fi majeur pour les nouveaux entrepreneurs :<\/p><ul><li><strong>Investissement initial<\/strong> : calculer les co\u00fbts de d\u00e9marrage (achat de v\u00e9hicules, location de locaux, am\u00e9nagement, etc.).<\/li><li><strong>Sources de financement<\/strong> : explorer diff\u00e9rentes options (pr\u00eats bancaires, investisseurs, aides publiques).<\/li><li><strong>Gestion financi\u00e8re<\/strong> : mettre en place une comptabilit\u00e9 rigoureuse pour suivre vos revenus et d\u00e9penses.<\/li><\/ul>\t\t\t\t\t\t<\/div>\n\t\t\t\t<\/div>\n\t\t\t\t\t<\/div>\n\t\t<\/div>\n\t\t\t\t\t<\/div>\n\t\t<\/section>\n\t\t\t\t<section class=\"elementor-section elementor-top-section elementor-element elementor-element-a87829b elementor-section-boxed elementor-section-height-default elementor-section-height-default\" data-id=\"a87829b\" data-element_type=\"section\">\n\t\t\t\t\t\t<div class=\"elementor-container elementor-column-gap-default\">\n\t\t\t\t\t<div class=\"elementor-column elementor-col-100 elementor-top-column elementor-element elementor-element-ee6e9c7\" data-id=\"ee6e9c7\" data-element_type=\"column\">\n\t\t\t<div class=\"elementor-widget-wrap elementor-element-populated\">\n\t\t\t\t\t\t<div class=\"elementor-element elementor-element-aafb573 elementor-widget elementor-widget-spacer\" data-id=\"aafb573\" data-element_type=\"widget\" data-widget_type=\"spacer.default\">\n\t\t\t\t<div class=\"elementor-widget-container\">\n\t\t\t<style>\/*! elementor - v3.20.0 - 26-03-2024 *\/\n.elementor-column .elementor-spacer-inner{height:var(--spacer-size)}.e-con{--container-widget-width:100%}.e-con-inner>.elementor-widget-spacer,.e-con>.elementor-widget-spacer{width:var(--container-widget-width,var(--spacer-size));--align-self:var(--container-widget-align-self,initial);--flex-shrink:0}.e-con-inner>.elementor-widget-spacer>.elementor-widget-container,.e-con>.elementor-widget-spacer>.elementor-widget-container{height:100%;width:100%}.e-con-inner>.elementor-widget-spacer>.elementor-widget-container>.elementor-spacer,.e-con>.elementor-widget-spacer>.elementor-widget-container>.elementor-spacer{height:100%}.e-con-inner>.elementor-widget-spacer>.elementor-widget-container>.elementor-spacer>.elementor-spacer-inner,.e-con>.elementor-widget-spacer>.elementor-widget-container>.elementor-spacer>.elementor-spacer-inner{height:var(--container-widget-height,var(--spacer-size))}.e-con-inner>.elementor-widget-spacer.elementor-widget-empty,.e-con>.elementor-widget-spacer.elementor-widget-empty{position:relative;min-height:22px;min-width:22px}.e-con-inner>.elementor-widget-spacer.elementor-widget-empty .elementor-widget-empty-icon,.e-con>.elementor-widget-spacer.elementor-widget-empty .elementor-widget-empty-icon{position:absolute;top:0;bottom:0;left:0;right:0;margin:auto;padding:0;width:22px;height:22px}<\/style>\t\t<div class=\"elementor-spacer\">\n\t\t\t<div class=\"elementor-spacer-inner\"><\/div>\n\t\t<\/div>\n\t\t\t\t<\/div>\n\t\t\t\t<\/div>\n\t\t\t\t\t<\/div>\n\t\t<\/div>\n\t\t\t\t\t<\/div>\n\t\t<\/section>\n\t\t\t\t<section class=\"elementor-section elementor-top-section elementor-element elementor-element-8ce806c elementor-section-boxed elementor-section-height-default elementor-section-height-default\" data-id=\"8ce806c\" data-element_type=\"section\">\n\t\t\t\t\t\t<div class=\"elementor-container elementor-column-gap-default\">\n\t\t\t\t\t<div class=\"elementor-column elementor-col-100 elementor-top-column elementor-element elementor-element-481ebfd\" data-id=\"481ebfd\" data-element_type=\"column\">\n\t\t\t<div class=\"elementor-widget-wrap elementor-element-populated\">\n\t\t\t\t\t\t<div class=\"elementor-element elementor-element-4befcce elementor-widget elementor-widget-text-editor\" data-id=\"4befcce\" data-element_type=\"widget\" data-widget_type=\"text-editor.default\">\n\t\t\t\t<div class=\"elementor-widget-container\">\n\t\t\t\t\t\t\t<p><strong>Cr\u00e9er une soci\u00e9t\u00e9 de vente automobile est une aventure passionnante qui demande une pr\u00e9paration minutieuse et une ex\u00e9cution rigoureuse. En suivant ces \u00e9tapes et en restant adaptable aux \u00e9volutions du march\u00e9, vous pouvez b\u00e2tir une entreprise prosp\u00e8re et durable dans le secteur automobile.<\/strong><\/p>\t\t\t\t\t\t<\/div>\n\t\t\t\t<\/div>\n\t\t\t\t\t<\/div>\n\t\t<\/div>\n\t\t\t\t\t<\/div>\n\t\t<\/section>\n\t\t\t\t<section class=\"elementor-section elementor-top-section elementor-element elementor-element-a097fe2 elementor-section-boxed elementor-section-height-default elementor-section-height-default\" data-id=\"a097fe2\" data-element_type=\"section\">\n\t\t\t\t\t\t<div class=\"elementor-container elementor-column-gap-default\">\n\t\t\t\t\t<div class=\"elementor-column elementor-col-100 elementor-top-column elementor-element elementor-element-8ef7af5\" data-id=\"8ef7af5\" data-element_type=\"column\">\n\t\t\t<div class=\"elementor-widget-wrap elementor-element-populated\">\n\t\t\t\t\t\t<div class=\"elementor-element elementor-element-f1d7c75 elementor-widget elementor-widget-spacer\" data-id=\"f1d7c75\" data-element_type=\"widget\" data-widget_type=\"spacer.default\">\n\t\t\t\t<div class=\"elementor-widget-container\">\n\t\t\t\t\t<div class=\"elementor-spacer\">\n\t\t\t<div class=\"elementor-spacer-inner\"><\/div>\n\t\t<\/div>\n\t\t\t\t<\/div>\n\t\t\t\t<\/div>\n\t\t\t\t\t<\/div>\n\t\t<\/div>\n\t\t\t\t\t<\/div>\n\t\t<\/section>\n\t\t\t\t<\/div>\n\t\t","protected":false},"excerpt":{"rendered":"<p>Guide complet pour les entrepreneurs ambitieux L&rsquo;industrie automobile est un secteur dynamique et lucratif qui offre d&rsquo;innombrables opportunit\u00e9s pour les entrepreneurs. Cr\u00e9er une soci\u00e9t\u00e9 de vente automobile peut \u00eatre une entreprise fructueuse, \u00e0 condition de bien pr\u00e9parer chaque \u00e9tape. Dans cet article, nous allons explorer les principaux aspects \u00e0 consid\u00e9rer pour lancer votre propre concession [&hellip;]<\/p>\n","protected":false},"author":1,"featured_media":0,"parent":0,"menu_order":0,"comment_status":"closed","ping_status":"closed","template":"","meta":{"_monsterinsights_skip_tracking":false,"_monsterinsights_sitenote_active":false,"_monsterinsights_sitenote_note":"","_monsterinsights_sitenote_category":0,"footnotes":""},"class_list":["post-6638","page","type-page","status-publish","hentry"],"yoast_head":"<!-- This site is optimized with the Yoast SEO plugin v24.4 - https:\/\/yoast.com\/wordpress\/plugins\/seo\/ -->\n<title>Cr\u00e9er une soci\u00e9t\u00e9 de vente automobile - Optimcar<\/title>\n<meta name=\"robots\" content=\"index, follow, max-snippet:-1, max-image-preview:large, max-video-preview:-1\" \/>\n<link rel=\"canonical\" href=\"https:\/\/www.optimcar.fr\/it\/\" \/>\n<meta property=\"og:locale\" content=\"fr_FR\" \/>\n<meta property=\"og:type\" content=\"article\" \/>\n<meta property=\"og:title\" content=\"Cr\u00e9er une soci\u00e9t\u00e9 de vente automobile - Optimcar\" \/>\n<meta property=\"og:description\" content=\"Guide complet pour les entrepreneurs ambitieux L&rsquo;industrie automobile est un secteur dynamique et lucratif qui offre d&rsquo;innombrables opportunit\u00e9s pour les entrepreneurs. Cr\u00e9er une soci\u00e9t\u00e9 de vente automobile peut \u00eatre une entreprise fructueuse, \u00e0 condition de bien pr\u00e9parer chaque \u00e9tape. Dans cet article, nous allons explorer les principaux aspects \u00e0 consid\u00e9rer pour lancer votre propre concession [&hellip;]\" \/>\n<meta property=\"og:url\" content=\"https:\/\/www.optimcar.fr\/creer-une-societe-de-vente-automobile\/\" \/>\n<meta property=\"og:site_name\" content=\"Optimcar\" \/>\n<meta property=\"article:modified_time\" content=\"2025-02-06T09:46:34+00:00\" \/>\n<meta property=\"og:image\" content=\"https:\/\/www.pilotevo.fr\/wp-content\/uploads\/2025\/02\/5-9-1024x683.png\" \/>\n<meta name=\"twitter:card\" content=\"summary_large_image\" \/>\n<meta name=\"twitter:label1\" content=\"Tempo di lettura stimato\" \/>\n\t<meta name=\"twitter:data1\" content=\"3 minuti\" \/>\n<script type=\"application\/ld+json\" class=\"yoast-schema-graph\">{\"@context\":\"https:\/\/schema.org\",\"@graph\":[{\"@type\":\"WebPage\",\"@id\":\"https:\/\/www.optimcar.fr\/creer-une-societe-de-vente-automobile\/\",\"url\":\"https:\/\/www.optimcar.fr\/creer-une-societe-de-vente-automobile\/\",\"name\":\"Cr\u00e9er une soci\u00e9t\u00e9 de vente automobile - Optimcar\",\"isPartOf\":{\"@id\":\"https:\/\/www.optimcar.fr\/#website\"},\"primaryImageOfPage\":{\"@id\":\"https:\/\/www.optimcar.fr\/creer-une-societe-de-vente-automobile\/#primaryimage\"},\"image\":{\"@id\":\"https:\/\/www.optimcar.fr\/creer-une-societe-de-vente-automobile\/#primaryimage\"},\"thumbnailUrl\":\"https:\/\/www.pilotevo.fr\/wp-content\/uploads\/2025\/02\/5-9-1024x683.png\",\"datePublished\":\"2024-05-30T07:51:28+00:00\",\"dateModified\":\"2025-02-06T09:46:34+00:00\",\"breadcrumb\":{\"@id\":\"https:\/\/www.optimcar.fr\/creer-une-societe-de-vente-automobile\/#breadcrumb\"},\"inLanguage\":\"it-IT\",\"potentialAction\":[{\"@type\":\"ReadAction\",\"target\":[\"https:\/\/www.optimcar.fr\/creer-une-societe-de-vente-automobile\/\"]}]},{\"@type\":\"ImageObject\",\"inLanguage\":\"it-IT\",\"@id\":\"https:\/\/www.optimcar.fr\/creer-une-societe-de-vente-automobile\/#primaryimage\",\"url\":\"https:\/\/www.pilotevo.fr\/wp-content\/uploads\/2025\/02\/5-9-1024x683.png\",\"contentUrl\":\"https:\/\/www.pilotevo.fr\/wp-content\/uploads\/2025\/02\/5-9-1024x683.png\"},{\"@type\":\"BreadcrumbList\",\"@id\":\"https:\/\/www.optimcar.fr\/creer-une-societe-de-vente-automobile\/#breadcrumb\",\"itemListElement\":[{\"@type\":\"ListItem\",\"position\":1,\"name\":\"Accueil\",\"item\":\"https:\/\/www.optimcar.fr\/\"},{\"@type\":\"ListItem\",\"position\":2,\"name\":\"Cr\u00e9er une soci\u00e9t\u00e9 de vente automobile\"}]},{\"@type\":\"WebSite\",\"@id\":\"https:\/\/www.optimcar.fr\/#website\",\"url\":\"https:\/\/www.optimcar.fr\/\",\"name\":\"PiloteVO\",\"description\":\"\",\"publisher\":{\"@id\":\"https:\/\/www.optimcar.fr\/#organization\"},\"potentialAction\":[{\"@type\":\"SearchAction\",\"target\":{\"@type\":\"EntryPoint\",\"urlTemplate\":\"https:\/\/www.optimcar.fr\/?s={search_term_string}\"},\"query-input\":{\"@type\":\"PropertyValueSpecification\",\"valueRequired\":true,\"valueName\":\"search_term_string\"}}],\"inLanguage\":\"it-IT\"},{\"@type\":\"Organization\",\"@id\":\"https:\/\/www.optimcar.fr\/#organization\",\"name\":\"PiloteVO\",\"url\":\"https:\/\/www.optimcar.fr\/\",\"logo\":{\"@type\":\"ImageObject\",\"inLanguage\":\"it-IT\",\"@id\":\"https:\/\/www.optimcar.fr\/#\/schema\/logo\/image\/\",\"url\":\"https:\/\/www.pilotevo.fr\/wp-content\/uploads\/2023\/06\/logo-20.png\",\"contentUrl\":\"https:\/\/www.pilotevo.fr\/wp-content\/uploads\/2023\/06\/logo-20.png\",\"width\":390,\"height\":86,\"caption\":\"PiloteVO\"},\"image\":{\"@id\":\"https:\/\/www.optimcar.fr\/#\/schema\/logo\/image\/\"}}]}<\/script>\n<!-- \/ Yoast SEO plugin. -->","yoast_head_json":{"title":"Cr\u00e9er une soci\u00e9t\u00e9 de vente automobile - Optimcar","robots":{"index":"index","follow":"follow","max-snippet":"max-snippet:-1","max-image-preview":"max-image-preview:large","max-video-preview":"max-video-preview:-1"},"canonical":"https:\/\/www.optimcar.fr\/creer-une-societe-de-vente-automobile\/","og_locale":"fr_FR","og_type":"article","og_title":"Cr\u00e9er une soci\u00e9t\u00e9 de vente automobile - Optimcar","og_description":"Guide complet pour les entrepreneurs ambitieux L&rsquo;industrie automobile est un secteur dynamique et lucratif qui offre d&rsquo;innombrables opportunit\u00e9s pour les entrepreneurs. Cr\u00e9er une soci\u00e9t\u00e9 de vente automobile peut \u00eatre une entreprise fructueuse, \u00e0 condition de bien pr\u00e9parer chaque \u00e9tape. Dans cet article, nous allons explorer les principaux aspects \u00e0 consid\u00e9rer pour lancer votre propre concession [&hellip;]","og_url":"https:\/\/www.optimcar.fr\/creer-une-societe-de-vente-automobile\/","og_site_name":"Optimcar","article_modified_time":"2025-02-06T09:46:34+00:00","og_image":[{"url":"https:\/\/www.pilotevo.fr\/wp-content\/uploads\/2025\/02\/5-9-1024x683.png","type":"","width":"","height":""}],"twitter_card":"summary_large_image","twitter_misc":{"Tempo di lettura stimato":"3 minuti"},"schema":{"@context":"https:\/\/schema.org","@graph":[{"@type":"WebPage","@id":"https:\/\/www.optimcar.fr\/creer-une-societe-de-vente-automobile\/","url":"https:\/\/www.optimcar.fr\/creer-une-societe-de-vente-automobile\/","name":"Cr\u00e9er une soci\u00e9t\u00e9 de vente automobile - Optimcar","isPartOf":{"@id":"https:\/\/www.optimcar.fr\/#website"},"primaryImageOfPage":{"@id":"https:\/\/www.optimcar.fr\/creer-une-societe-de-vente-automobile\/#primaryimage"},"image":{"@id":"https:\/\/www.optimcar.fr\/creer-une-societe-de-vente-automobile\/#primaryimage"},"thumbnailUrl":"https:\/\/www.pilotevo.fr\/wp-content\/uploads\/2025\/02\/5-9-1024x683.png","datePublished":"2024-05-30T07:51:28+00:00","dateModified":"2025-02-06T09:46:34+00:00","breadcrumb":{"@id":"https:\/\/www.optimcar.fr\/creer-une-societe-de-vente-automobile\/#breadcrumb"},"inLanguage":"it-IT","potentialAction":[{"@type":"ReadAction","target":["https:\/\/www.optimcar.fr\/creer-une-societe-de-vente-automobile\/"]}]},{"@type":"ImageObject","inLanguage":"it-IT","@id":"https:\/\/www.optimcar.fr\/creer-une-societe-de-vente-automobile\/#primaryimage","url":"https:\/\/www.pilotevo.fr\/wp-content\/uploads\/2025\/02\/5-9-1024x683.png","contentUrl":"https:\/\/www.pilotevo.fr\/wp-content\/uploads\/2025\/02\/5-9-1024x683.png"},{"@type":"BreadcrumbList","@id":"https:\/\/www.optimcar.fr\/creer-une-societe-de-vente-automobile\/#breadcrumb","itemListElement":[{"@type":"ListItem","position":1,"name":"Accueil","item":"https:\/\/www.optimcar.fr\/"},{"@type":"ListItem","position":2,"name":"Cr\u00e9er une soci\u00e9t\u00e9 de vente automobile"}]},{"@type":"WebSite","@id":"https:\/\/www.optimcar.fr\/#website","url":"https:\/\/www.optimcar.fr\/","name":"PiloteVO","description":"","publisher":{"@id":"https:\/\/www.optimcar.fr\/#organization"},"potentialAction":[{"@type":"SearchAction","target":{"@type":"EntryPoint","urlTemplate":"https:\/\/www.optimcar.fr\/?s={search_term_string}"},"query-input":{"@type":"PropertyValueSpecification","valueRequired":true,"valueName":"search_term_string"}}],"inLanguage":"it-IT"},{"@type":"Organization","@id":"https:\/\/www.optimcar.fr\/#organization","name":"PiloteVO","url":"https:\/\/www.optimcar.fr\/","logo":{"@type":"ImageObject","inLanguage":"it-IT","@id":"https:\/\/www.optimcar.fr\/#\/schema\/logo\/image\/","url":"https:\/\/www.pilotevo.fr\/wp-content\/uploads\/2023\/06\/logo-20.png","contentUrl":"https:\/\/www.pilotevo.fr\/wp-content\/uploads\/2023\/06\/logo-20.png","width":390,"height":86,"caption":"PiloteVO"},"image":{"@id":"https:\/\/www.optimcar.fr\/#\/schema\/logo\/image\/"}}]}},"_links":{"self":[{"href":"https:\/\/www.optimcar.fr\/wp-json\/wp\/v2\/pages\/6638","targetHints":{"allow":["GET"]}}],"collection":[{"href":"https:\/\/www.optimcar.fr\/wp-json\/wp\/v2\/pages"}],"about":[{"href":"https:\/\/www.optimcar.fr\/wp-json\/wp\/v2\/types\/page"}],"author":[{"embeddable":true,"href":"https:\/\/www.optimcar.fr\/wp-json\/wp\/v2\/users\/1"}],"replies":[{"embeddable":true,"href":"https:\/\/www.optimcar.fr\/wp-json\/wp\/v2\/comments?post=6638"}],"version-history":[{"count":13,"href":"https:\/\/www.optimcar.fr\/wp-json\/wp\/v2\/pages\/6638\/revisions"}],"predecessor-version":[{"id":7043,"href":"https:\/\/www.optimcar.fr\/wp-json\/wp\/v2\/pages\/6638\/revisions\/7043"}],"wp:attachment":[{"href":"https:\/\/www.optimcar.fr\/wp-json\/wp\/v2\/media?parent=6638"}],"curies":[{"name":"wp","href":"https:\/\/api.w.org\/{rel}","templated":true}]}}