{"id":6175,"date":"2024-05-27T09:59:47","date_gmt":"2024-05-27T07:59:47","guid":{"rendered":"http:\/\/front.intuityvo.fr\/?page_id=6175"},"modified":"2026-02-09T15:33:50","modified_gmt":"2026-02-09T14:33:50","slug":"mon-siteauto","status":"publish","type":"page","link":"https:\/\/www.optimcar.fr\/it\/mon-siteauto\/","title":{"rendered":"Mon SiteAuto"},"content":{"rendered":"\t\t<div data-elementor-type=\"wp-page\" data-elementor-id=\"6175\" class=\"elementor elementor-6175\">\n\t\t\t\t\t\t<section class=\"elementor-section elementor-top-section elementor-element elementor-element-4fe5020 elementor-section-boxed elementor-section-height-default elementor-section-height-default\" data-id=\"4fe5020\" data-element_type=\"section\">\n\t\t\t\t\t\t<div class=\"elementor-container elementor-column-gap-default\">\n\t\t\t\t\t<div class=\"elementor-column elementor-col-100 elementor-top-column elementor-element elementor-element-1179f12\" data-id=\"1179f12\" data-element_type=\"column\">\n\t\t\t<div class=\"elementor-widget-wrap elementor-element-populated\">\n\t\t\t\t\t\t<div class=\"elementor-element elementor-element-1e1d0bd elementor-widget elementor-widget-heading\" data-id=\"1e1d0bd\" data-element_type=\"widget\" data-widget_type=\"heading.default\">\n\t\t\t\t<div class=\"elementor-widget-container\">\n\t\t\t<style>\/*! elementor - v3.20.0 - 26-03-2024 *\/\n.elementor-heading-title{padding:0;margin:0;line-height:1}.elementor-widget-heading .elementor-heading-title[class*=elementor-size-]>a{color:inherit;font-size:inherit;line-height:inherit}.elementor-widget-heading .elementor-heading-title.elementor-size-small{font-size:15px}.elementor-widget-heading .elementor-heading-title.elementor-size-medium{font-size:19px}.elementor-widget-heading .elementor-heading-title.elementor-size-large{font-size:29px}.elementor-widget-heading .elementor-heading-title.elementor-size-xl{font-size:39px}.elementor-widget-heading .elementor-heading-title.elementor-size-xxl{font-size:59px}<\/style><h3 class=\"elementor-heading-title elementor-size-default\">Vous \u00eates int\u00e9ress\u00e9s par Monsiteauto ?<\/h3>\t\t<\/div>\n\t\t\t\t<\/div>\n\t\t\t\t\t<\/div>\n\t\t<\/div>\n\t\t\t\t\t<\/div>\n\t\t<\/section>\n\t\t\t\t<section class=\"elementor-section elementor-top-section elementor-element elementor-element-e538def elementor-section-boxed elementor-section-height-default elementor-section-height-default\" data-id=\"e538def\" data-element_type=\"section\">\n\t\t\t\t\t\t<div class=\"elementor-container elementor-column-gap-default\">\n\t\t\t\t\t<div class=\"elementor-column elementor-col-100 elementor-top-column elementor-element elementor-element-2330c7e\" data-id=\"2330c7e\" data-element_type=\"column\">\n\t\t\t<div class=\"elementor-widget-wrap elementor-element-populated\">\n\t\t\t\t\t\t<div class=\"elementor-element elementor-element-bc49f8e elementor-widget elementor-widget-text-editor\" data-id=\"bc49f8e\" data-element_type=\"widget\" data-widget_type=\"text-editor.default\">\n\t\t\t\t<div class=\"elementor-widget-container\">\n\t\t\t<style>\/*! elementor - v3.20.0 - 26-03-2024 *\/\n.elementor-widget-text-editor.elementor-drop-cap-view-stacked .elementor-drop-cap{background-color:#69727d;color:#fff}.elementor-widget-text-editor.elementor-drop-cap-view-framed .elementor-drop-cap{color:#69727d;border:3px solid;background-color:transparent}.elementor-widget-text-editor:not(.elementor-drop-cap-view-default) .elementor-drop-cap{margin-top:8px}.elementor-widget-text-editor:not(.elementor-drop-cap-view-default) .elementor-drop-cap-letter{width:1em;height:1em}.elementor-widget-text-editor .elementor-drop-cap{float:left;text-align:center;line-height:1;font-size:50px}.elementor-widget-text-editor .elementor-drop-cap-letter{display:inline-block}<\/style>\t\t\t\t<p><strong>Merci de remplir le formulaire ci-dessous et nous reviendrons vers vous dans les plus brefs d\u00e9lais:\u00a0<\/strong><\/p>\t\t\t\t\t\t<\/div>\n\t\t\t\t<\/div>\n\t\t\t\t\t<\/div>\n\t\t<\/div>\n\t\t\t\t\t<\/div>\n\t\t<\/section>\n\t\t\t\t<section class=\"elementor-section elementor-top-section elementor-element elementor-element-29b5863 elementor-section-boxed elementor-section-height-default elementor-section-height-default\" data-id=\"29b5863\" data-element_type=\"section\">\n\t\t\t\t\t\t<div class=\"elementor-container elementor-column-gap-default\">\n\t\t\t\t\t<div class=\"elementor-column elementor-col-100 elementor-top-column elementor-element elementor-element-ff96038\" data-id=\"ff96038\" data-element_type=\"column\">\n\t\t\t<div class=\"elementor-widget-wrap elementor-element-populated\">\n\t\t\t\t\t\t<div class=\"elementor-element elementor-element-76be81c elementor-widget elementor-widget-wpforms\" data-id=\"76be81c\" data-element_type=\"widget\" data-widget_type=\"wpforms.default\">\n\t\t\t\t<div class=\"elementor-widget-container\">\n\t\t\t<style id=\"wpforms-css-vars-root\">\n\t\t\t\t:root {\n\t\t\t\t\t--wpforms-field-border-radius: 3px;\n--wpforms-field-background-color: #ffffff;\n--wpforms-field-border-color: rgba( 0, 0, 0, 0.25 );\n--wpforms-field-text-color: rgba( 0, 0, 0, 0.7 );\n--wpforms-label-color: rgba( 0, 0, 0, 0.85 );\n--wpforms-label-sublabel-color: rgba( 0, 0, 0, 0.55 );\n--wpforms-label-error-color: #d63637;\n--wpforms-button-border-radius: 3px;\n--wpforms-button-background-color: #066aab;\n--wpforms-button-text-color: #ffffff;\n--wpforms-page-break-color: #066aab;\n--wpforms-field-size-input-height: 43px;\n--wpforms-field-size-input-spacing: 15px;\n--wpforms-field-size-font-size: 16px;\n--wpforms-field-size-line-height: 19px;\n--wpforms-field-size-padding-h: 14px;\n--wpforms-field-size-checkbox-size: 16px;\n--wpforms-field-size-sublabel-spacing: 5px;\n--wpforms-field-size-icon-size: 1;\n--wpforms-label-size-font-size: 16px;\n--wpforms-label-size-line-height: 19px;\n--wpforms-label-size-sublabel-font-size: 14px;\n--wpforms-label-size-sublabel-line-height: 17px;\n--wpforms-button-size-font-size: 17px;\n--wpforms-button-size-height: 41px;\n--wpforms-button-size-padding-h: 15px;\n--wpforms-button-size-margin-top: 10px;\n\n\t\t\t\t}\n\t\t\t<\/style><style id=\"wpforms-css-vars-elementor-widget-76be81c\">\n\t\t\t\t.elementor-widget-wpforms.elementor-element-76be81c {\n\t\t\t\t\t--wpforms-field-size-input-height: 43px;\n--wpforms-field-size-input-spacing: 15px;\n--wpforms-field-size-font-size: 16px;\n--wpforms-field-size-line-height: 19px;\n--wpforms-field-size-padding-h: 14px;\n--wpforms-field-size-checkbox-size: 16px;\n--wpforms-field-size-sublabel-spacing: 5px;\n--wpforms-field-size-icon-size: 1;\n--wpforms-label-size-font-size: 16px;\n--wpforms-label-size-line-height: 19px;\n--wpforms-label-size-sublabel-font-size: 14px;\n--wpforms-label-size-sublabel-line-height: 17px;\n--wpforms-button-size-font-size: 17px;\n--wpforms-button-size-height: 41px;\n--wpforms-button-size-padding-h: 15px;\n--wpforms-button-size-margin-top: 10px;\n\n\t\t\t\t}\n\t\t\t<\/style><div class=\"wpforms-container wpforms-container-full wpforms-render-modern\" id=\"wpforms-6172\"><form id=\"wpforms-form-6172\" class=\"wpforms-validate wpforms-form wpforms-ajax-form\" data-formid=\"6172\" method=\"post\" enctype=\"multipart\/form-data\" action=\"\/it\/wp-json\/wp\/v2\/pages\/6175\/\" data-token=\"79758cb683afbed99646114b86d9511e\"><noscript class=\"wpforms-error-noscript\">Abilita JavaScript nel browser per completare questo modulo.<\/noscript><div class=\"wpforms-hidden\" id=\"wpforms-error-noscript\">Abilita JavaScript nel browser per completare questo modulo.<\/div><div class=\"wpforms-field-container\"><div id=\"wpforms-6172-field_3-container\" class=\"wpforms-field wpforms-field-text\" data-field-id=\"3\"><label class=\"wpforms-field-label\" for=\"wpforms-6172-field_3\">Nom de votre soci\u00e9t\u00e9: <span class=\"wpforms-required-label\" aria-hidden=\"true\">*<\/span><\/label><input type=\"text\" id=\"wpforms-6172-field_3\" class=\"wpforms-field-medium wpforms-field-required\" name=\"wpforms[fields][3]\" aria-errormessage=\"wpforms-6172-field_3-error\" required><\/div><div id=\"wpforms-6172-field_0-container\" class=\"wpforms-field wpforms-field-name\" data-field-id=\"0\"><label class=\"wpforms-field-label\" for=\"wpforms-6172-field_0\">Nom <span class=\"wpforms-required-label\" aria-hidden=\"true\">*<\/span><\/label><input type=\"text\" id=\"wpforms-6172-field_0\" class=\"wpforms-field-medium wpforms-field-required\" name=\"wpforms[fields][0]\" aria-errormessage=\"wpforms-6172-field_0-error\" required><\/div><div id=\"wpforms-6172-field_1-container\" class=\"wpforms-field wpforms-field-email\" data-field-id=\"1\"><label class=\"wpforms-field-label\" for=\"wpforms-6172-field_1\">E-mail <span class=\"wpforms-required-label\" aria-hidden=\"true\">*<\/span><\/label><input type=\"email\" id=\"wpforms-6172-field_1\" class=\"wpforms-field-medium wpforms-field-required\" name=\"wpforms[fields][1]\" spellcheck=\"false\" aria-errormessage=\"wpforms-6172-field_1-error\" required><\/div><div id=\"wpforms-6172-field_5-container\" class=\"wpforms-field wpforms-field-text\" data-field-id=\"5\"><label class=\"wpforms-field-label\" for=\"wpforms-6172-field_5\">Num\u00e9ro de t\u00e9l\u00e9phone: <span class=\"wpforms-required-label\" aria-hidden=\"true\">*<\/span><\/label><input type=\"text\" id=\"wpforms-6172-field_5\" class=\"wpforms-field-medium wpforms-field-required\" name=\"wpforms[fields][5]\" aria-errormessage=\"wpforms-6172-field_5-error\" required><\/div><div id=\"wpforms-6172-field_2-container\" class=\"wpforms-field wpforms-field-textarea\" data-field-id=\"2\"><label class=\"wpforms-field-label\" for=\"wpforms-6172-field_2\">Commentaire ou message<\/label><textarea id=\"wpforms-6172-field_2\" class=\"wpforms-field-medium\" name=\"wpforms[fields][2]\" aria-errormessage=\"wpforms-6172-field_2-error\" ><\/textarea><\/div><\/div><!-- .wpforms-field-container --><div class=\"wpforms-submit-container\" ><input type=\"hidden\" name=\"wpforms[id]\" value=\"6172\"><input type=\"hidden\" name=\"wpforms[author]\" value=\"1\"><button type=\"submit\" name=\"wpforms[submit]\" id=\"wpforms-submit-6172\" class=\"wpforms-submit\" data-alt-text=\"Envoi...\" data-submit-text=\"Envoyer\" aria-live=\"assertive\" value=\"wpforms-submit\">Envoyer<\/button><img decoding=\"async\" src=\"https:\/\/www.optimcar.fr\/wp-content\/plugins\/wpforms-lite\/assets\/images\/submit-spin.svg\" class=\"wpforms-submit-spinner\" style=\"display: none;\" width=\"26\" height=\"26\" alt=\"Caricamento\"><\/div><\/form><\/div>  <!-- .wpforms-container -->\t\t<\/div>\n\t\t\t\t<\/div>\n\t\t\t\t\t<\/div>\n\t\t<\/div>\n\t\t\t\t\t<\/div>\n\t\t<\/section>\n\t\t\t\t<section class=\"elementor-section elementor-top-section elementor-element elementor-element-9446283 elementor-section-boxed elementor-section-height-default elementor-section-height-default\" data-id=\"9446283\" data-element_type=\"section\">\n\t\t\t\t\t\t<div class=\"elementor-container elementor-column-gap-default\">\n\t\t\t\t\t<div class=\"elementor-column elementor-col-100 elementor-top-column elementor-element elementor-element-545cb2d\" data-id=\"545cb2d\" data-element_type=\"column\">\n\t\t\t<div class=\"elementor-widget-wrap elementor-element-populated\">\n\t\t\t\t\t\t<div class=\"elementor-element elementor-element-c77cf1f elementor-widget elementor-widget-spacer\" data-id=\"c77cf1f\" data-element_type=\"widget\" data-widget_type=\"spacer.default\">\n\t\t\t\t<div class=\"elementor-widget-container\">\n\t\t\t<style>\/*! elementor - v3.20.0 - 26-03-2024 *\/\n.elementor-column .elementor-spacer-inner{height:var(--spacer-size)}.e-con{--container-widget-width:100%}.e-con-inner>.elementor-widget-spacer,.e-con>.elementor-widget-spacer{width:var(--container-widget-width,var(--spacer-size));--align-self:var(--container-widget-align-self,initial);--flex-shrink:0}.e-con-inner>.elementor-widget-spacer>.elementor-widget-container,.e-con>.elementor-widget-spacer>.elementor-widget-container{height:100%;width:100%}.e-con-inner>.elementor-widget-spacer>.elementor-widget-container>.elementor-spacer,.e-con>.elementor-widget-spacer>.elementor-widget-container>.elementor-spacer{height:100%}.e-con-inner>.elementor-widget-spacer>.elementor-widget-container>.elementor-spacer>.elementor-spacer-inner,.e-con>.elementor-widget-spacer>.elementor-widget-container>.elementor-spacer>.elementor-spacer-inner{height:var(--container-widget-height,var(--spacer-size))}.e-con-inner>.elementor-widget-spacer.elementor-widget-empty,.e-con>.elementor-widget-spacer.elementor-widget-empty{position:relative;min-height:22px;min-width:22px}.e-con-inner>.elementor-widget-spacer.elementor-widget-empty .elementor-widget-empty-icon,.e-con>.elementor-widget-spacer.elementor-widget-empty .elementor-widget-empty-icon{position:absolute;top:0;bottom:0;left:0;right:0;margin:auto;padding:0;width:22px;height:22px}<\/style>\t\t<div class=\"elementor-spacer\">\n\t\t\t<div class=\"elementor-spacer-inner\"><\/div>\n\t\t<\/div>\n\t\t\t\t<\/div>\n\t\t\t\t<\/div>\n\t\t\t\t\t<\/div>\n\t\t<\/div>\n\t\t\t\t\t<\/div>\n\t\t<\/section>\n\t\t\t\t<section class=\"elementor-section elementor-top-section elementor-element elementor-element-ecb5853 elementor-section-boxed elementor-section-height-default elementor-section-height-default\" data-id=\"ecb5853\" data-element_type=\"section\">\n\t\t\t\t\t\t<div class=\"elementor-container elementor-column-gap-default\">\n\t\t\t\t\t<div class=\"elementor-column elementor-col-100 elementor-top-column elementor-element elementor-element-e4e9435\" data-id=\"e4e9435\" data-element_type=\"column\">\n\t\t\t<div class=\"elementor-widget-wrap elementor-element-populated\">\n\t\t\t\t\t\t<div class=\"elementor-element elementor-element-9f28c1a elementor-widget elementor-widget-image\" data-id=\"9f28c1a\" data-element_type=\"widget\" data-widget_type=\"image.default\">\n\t\t\t\t<div class=\"elementor-widget-container\">\n\t\t\t<style>\/*! elementor - v3.20.0 - 26-03-2024 *\/\n.elementor-widget-image{text-align:center}.elementor-widget-image a{display:inline-block}.elementor-widget-image a img[src$=\".svg\"]{width:48px}.elementor-widget-image img{vertical-align:middle;display:inline-block}<\/style>\t\t\t\t\t\t\t\t\t\t<img fetchpriority=\"high\" decoding=\"async\" width=\"1024\" height=\"557\" src=\"https:\/\/www.optimcar.fr\/wp-content\/uploads\/2024\/05\/Capture-decran-2024-05-27-100233-1024x557.png\" class=\"attachment-large size-large wp-image-6181\" alt=\"\" srcset=\"https:\/\/www.optimcar.fr\/wp-content\/uploads\/2024\/05\/Capture-decran-2024-05-27-100233-1024x557.png 1024w, https:\/\/www.optimcar.fr\/wp-content\/uploads\/2024\/05\/Capture-decran-2024-05-27-100233-300x163.png 300w, https:\/\/www.optimcar.fr\/wp-content\/uploads\/2024\/05\/Capture-decran-2024-05-27-100233-768x418.png 768w, https:\/\/www.optimcar.fr\/wp-content\/uploads\/2024\/05\/Capture-decran-2024-05-27-100233-600x326.png 600w, https:\/\/www.optimcar.fr\/wp-content\/uploads\/2024\/05\/Capture-decran-2024-05-27-100233.png 1333w\" sizes=\"(max-width: 1024px) 100vw, 1024px\" \/>\t\t\t\t\t\t\t\t\t\t\t\t\t<\/div>\n\t\t\t\t<\/div>\n\t\t\t\t\t<\/div>\n\t\t<\/div>\n\t\t\t\t\t<\/div>\n\t\t<\/section>\n\t\t\t\t<section class=\"elementor-section elementor-top-section elementor-element elementor-element-80aada9 elementor-section-boxed elementor-section-height-default elementor-section-height-default\" data-id=\"80aada9\" data-element_type=\"section\">\n\t\t\t\t\t\t<div class=\"elementor-container elementor-column-gap-default\">\n\t\t\t\t\t<div class=\"elementor-column elementor-col-100 elementor-top-column elementor-element elementor-element-e1ddfdf\" data-id=\"e1ddfdf\" data-element_type=\"column\">\n\t\t\t<div class=\"elementor-widget-wrap elementor-element-populated\">\n\t\t\t\t\t\t<div class=\"elementor-element elementor-element-3f63909 elementor-widget elementor-widget-spacer\" data-id=\"3f63909\" data-element_type=\"widget\" data-widget_type=\"spacer.default\">\n\t\t\t\t<div class=\"elementor-widget-container\">\n\t\t\t\t\t<div class=\"elementor-spacer\">\n\t\t\t<div class=\"elementor-spacer-inner\"><\/div>\n\t\t<\/div>\n\t\t\t\t<\/div>\n\t\t\t\t<\/div>\n\t\t\t\t\t<\/div>\n\t\t<\/div>\n\t\t\t\t\t<\/div>\n\t\t<\/section>\n\t\t\t\t<\/div>\n\t\t","protected":false},"excerpt":{"rendered":"<p>Vous \u00eates int\u00e9ress\u00e9s par Monsiteauto ? Merci de remplir le formulaire ci-dessous et nous reviendrons vers vous dans les plus brefs d\u00e9lais:\u00a0 Veuillez activer JavaScript dans votre navigateur pour remplir ce formulaire.Veuillez activer JavaScript dans votre navigateur pour remplir ce formulaire.Nom de votre soci\u00e9t\u00e9: *Nom *E-mail *Num\u00e9ro de t\u00e9l\u00e9phone: *Commentaire ou message Envoyer<\/p>\n","protected":false},"author":1,"featured_media":0,"parent":0,"menu_order":0,"comment_status":"closed","ping_status":"closed","template":"","meta":{"_monsterinsights_skip_tracking":false,"_monsterinsights_sitenote_active":false,"_monsterinsights_sitenote_note":"","_monsterinsights_sitenote_category":0,"footnotes":""},"class_list":["post-6175","page","type-page","status-publish","hentry"],"yoast_head":"<!-- This site is optimized with the Yoast SEO plugin v24.4 - https:\/\/yoast.com\/wordpress\/plugins\/seo\/ -->\n<title>Mon SiteAuto - Optimcar<\/title>\n<meta name=\"robots\" content=\"index, follow, max-snippet:-1, max-image-preview:large, max-video-preview:-1\" \/>\n<link rel=\"canonical\" href=\"https:\/\/www.optimcar.fr\/it\/mon-siteauto\/\" \/>\n<meta property=\"og:locale\" content=\"fr_FR\" \/>\n<meta property=\"og:type\" content=\"article\" \/>\n<meta property=\"og:title\" content=\"Mon SiteAuto - Optimcar\" \/>\n<meta property=\"og:description\" content=\"Vous \u00eates int\u00e9ress\u00e9s par Monsiteauto ? Merci de remplir le formulaire ci-dessous et nous reviendrons vers vous dans les plus brefs d\u00e9lais:\u00a0 Veuillez activer JavaScript dans votre navigateur pour remplir ce formulaire.Veuillez activer JavaScript dans votre navigateur pour remplir ce formulaire.Nom de votre soci\u00e9t\u00e9: *Nom *E-mail *Num\u00e9ro de t\u00e9l\u00e9phone: *Commentaire ou message Envoyer\" \/>\n<meta property=\"og:url\" content=\"https:\/\/www.optimcar.fr\/mon-siteauto\/\" \/>\n<meta property=\"og:site_name\" content=\"Optimcar\" \/>\n<meta property=\"article:modified_time\" content=\"2026-02-09T14:33:50+00:00\" \/>\n<meta property=\"og:image\" content=\"https:\/\/www.optimcar.fr\/wp-content\/plugins\/wpforms-lite\/assets\/images\/submit-spin.svg\" \/>\n<meta name=\"twitter:card\" content=\"summary_large_image\" \/>\n<meta name=\"twitter:label1\" content=\"Tempo di lettura stimato\" \/>\n\t<meta name=\"twitter:data1\" content=\"1 minuto\" \/>\n<script type=\"application\/ld+json\" class=\"yoast-schema-graph\">{\"@context\":\"https:\/\/schema.org\",\"@graph\":[{\"@type\":\"WebPage\",\"@id\":\"https:\/\/www.optimcar.fr\/mon-siteauto\/\",\"url\":\"https:\/\/www.optimcar.fr\/mon-siteauto\/\",\"name\":\"Mon SiteAuto - Optimcar\",\"isPartOf\":{\"@id\":\"https:\/\/www.optimcar.fr\/#website\"},\"primaryImageOfPage\":{\"@id\":\"https:\/\/www.optimcar.fr\/mon-siteauto\/#primaryimage\"},\"image\":{\"@id\":\"https:\/\/www.optimcar.fr\/mon-siteauto\/#primaryimage\"},\"thumbnailUrl\":\"https:\/\/www.optimcar.fr\/wp-content\/plugins\/wpforms-lite\/assets\/images\/submit-spin.svg\",\"datePublished\":\"2024-05-27T07:59:47+00:00\",\"dateModified\":\"2026-02-09T14:33:50+00:00\",\"breadcrumb\":{\"@id\":\"https:\/\/www.optimcar.fr\/mon-siteauto\/#breadcrumb\"},\"inLanguage\":\"it-IT\",\"potentialAction\":[{\"@type\":\"ReadAction\",\"target\":[\"https:\/\/www.optimcar.fr\/mon-siteauto\/\"]}]},{\"@type\":\"ImageObject\",\"inLanguage\":\"it-IT\",\"@id\":\"https:\/\/www.optimcar.fr\/mon-siteauto\/#primaryimage\",\"url\":\"https:\/\/www.optimcar.fr\/wp-content\/plugins\/wpforms-lite\/assets\/images\/submit-spin.svg\",\"contentUrl\":\"https:\/\/www.optimcar.fr\/wp-content\/plugins\/wpforms-lite\/assets\/images\/submit-spin.svg\"},{\"@type\":\"BreadcrumbList\",\"@id\":\"https:\/\/www.optimcar.fr\/mon-siteauto\/#breadcrumb\",\"itemListElement\":[{\"@type\":\"ListItem\",\"position\":1,\"name\":\"Accueil\",\"item\":\"https:\/\/www.optimcar.fr\/\"},{\"@type\":\"ListItem\",\"position\":2,\"name\":\"Mon SiteAuto\"}]},{\"@type\":\"WebSite\",\"@id\":\"https:\/\/www.optimcar.fr\/#website\",\"url\":\"https:\/\/www.optimcar.fr\/\",\"name\":\"PiloteVO\",\"description\":\"\",\"publisher\":{\"@id\":\"https:\/\/www.optimcar.fr\/#organization\"},\"potentialAction\":[{\"@type\":\"SearchAction\",\"target\":{\"@type\":\"EntryPoint\",\"urlTemplate\":\"https:\/\/www.optimcar.fr\/?s={search_term_string}\"},\"query-input\":{\"@type\":\"PropertyValueSpecification\",\"valueRequired\":true,\"valueName\":\"search_term_string\"}}],\"inLanguage\":\"it-IT\"},{\"@type\":\"Organization\",\"@id\":\"https:\/\/www.optimcar.fr\/#organization\",\"name\":\"PiloteVO\",\"url\":\"https:\/\/www.optimcar.fr\/\",\"logo\":{\"@type\":\"ImageObject\",\"inLanguage\":\"it-IT\",\"@id\":\"https:\/\/www.optimcar.fr\/#\/schema\/logo\/image\/\",\"url\":\"https:\/\/www.pilotevo.fr\/wp-content\/uploads\/2023\/06\/logo-20.png\",\"contentUrl\":\"https:\/\/www.pilotevo.fr\/wp-content\/uploads\/2023\/06\/logo-20.png\",\"width\":390,\"height\":86,\"caption\":\"PiloteVO\"},\"image\":{\"@id\":\"https:\/\/www.optimcar.fr\/#\/schema\/logo\/image\/\"}}]}<\/script>\n<!-- \/ Yoast SEO plugin. -->","yoast_head_json":{"title":"Mon SiteAuto - Optimcar","robots":{"index":"index","follow":"follow","max-snippet":"max-snippet:-1","max-image-preview":"max-image-preview:large","max-video-preview":"max-video-preview:-1"},"canonical":"https:\/\/www.optimcar.fr\/mon-siteauto\/","og_locale":"fr_FR","og_type":"article","og_title":"Mon SiteAuto - Optimcar","og_description":"Vous \u00eates int\u00e9ress\u00e9s par Monsiteauto ? Merci de remplir le formulaire ci-dessous et nous reviendrons vers vous dans les plus brefs d\u00e9lais:\u00a0 Veuillez activer JavaScript dans votre navigateur pour remplir ce formulaire.Veuillez activer JavaScript dans votre navigateur pour remplir ce formulaire.Nom de votre soci\u00e9t\u00e9: *Nom *E-mail *Num\u00e9ro de t\u00e9l\u00e9phone: *Commentaire ou message Envoyer","og_url":"https:\/\/www.optimcar.fr\/mon-siteauto\/","og_site_name":"Optimcar","article_modified_time":"2026-02-09T14:33:50+00:00","og_image":[{"url":"https:\/\/www.optimcar.fr\/wp-content\/plugins\/wpforms-lite\/assets\/images\/submit-spin.svg","type":"","width":"","height":""}],"twitter_card":"summary_large_image","twitter_misc":{"Tempo di lettura stimato":"1 minuto"},"schema":{"@context":"https:\/\/schema.org","@graph":[{"@type":"WebPage","@id":"https:\/\/www.optimcar.fr\/mon-siteauto\/","url":"https:\/\/www.optimcar.fr\/mon-siteauto\/","name":"Mon SiteAuto - Optimcar","isPartOf":{"@id":"https:\/\/www.optimcar.fr\/#website"},"primaryImageOfPage":{"@id":"https:\/\/www.optimcar.fr\/mon-siteauto\/#primaryimage"},"image":{"@id":"https:\/\/www.optimcar.fr\/mon-siteauto\/#primaryimage"},"thumbnailUrl":"https:\/\/www.optimcar.fr\/wp-content\/plugins\/wpforms-lite\/assets\/images\/submit-spin.svg","datePublished":"2024-05-27T07:59:47+00:00","dateModified":"2026-02-09T14:33:50+00:00","breadcrumb":{"@id":"https:\/\/www.optimcar.fr\/mon-siteauto\/#breadcrumb"},"inLanguage":"it-IT","potentialAction":[{"@type":"ReadAction","target":["https:\/\/www.optimcar.fr\/mon-siteauto\/"]}]},{"@type":"ImageObject","inLanguage":"it-IT","@id":"https:\/\/www.optimcar.fr\/mon-siteauto\/#primaryimage","url":"https:\/\/www.optimcar.fr\/wp-content\/plugins\/wpforms-lite\/assets\/images\/submit-spin.svg","contentUrl":"https:\/\/www.optimcar.fr\/wp-content\/plugins\/wpforms-lite\/assets\/images\/submit-spin.svg"},{"@type":"BreadcrumbList","@id":"https:\/\/www.optimcar.fr\/mon-siteauto\/#breadcrumb","itemListElement":[{"@type":"ListItem","position":1,"name":"Accueil","item":"https:\/\/www.optimcar.fr\/"},{"@type":"ListItem","position":2,"name":"Mon SiteAuto"}]},{"@type":"WebSite","@id":"https:\/\/www.optimcar.fr\/#website","url":"https:\/\/www.optimcar.fr\/","name":"PiloteVO","description":"","publisher":{"@id":"https:\/\/www.optimcar.fr\/#organization"},"potentialAction":[{"@type":"SearchAction","target":{"@type":"EntryPoint","urlTemplate":"https:\/\/www.optimcar.fr\/?s={search_term_string}"},"query-input":{"@type":"PropertyValueSpecification","valueRequired":true,"valueName":"search_term_string"}}],"inLanguage":"it-IT"},{"@type":"Organization","@id":"https:\/\/www.optimcar.fr\/#organization","name":"PiloteVO","url":"https:\/\/www.optimcar.fr\/","logo":{"@type":"ImageObject","inLanguage":"it-IT","@id":"https:\/\/www.optimcar.fr\/#\/schema\/logo\/image\/","url":"https:\/\/www.pilotevo.fr\/wp-content\/uploads\/2023\/06\/logo-20.png","contentUrl":"https:\/\/www.pilotevo.fr\/wp-content\/uploads\/2023\/06\/logo-20.png","width":390,"height":86,"caption":"PiloteVO"},"image":{"@id":"https:\/\/www.optimcar.fr\/#\/schema\/logo\/image\/"}}]}},"_links":{"self":[{"href":"https:\/\/www.optimcar.fr\/wp-json\/wp\/v2\/pages\/6175","targetHints":{"allow":["GET"]}}],"collection":[{"href":"https:\/\/www.optimcar.fr\/wp-json\/wp\/v2\/pages"}],"about":[{"href":"https:\/\/www.optimcar.fr\/wp-json\/wp\/v2\/types\/page"}],"author":[{"embeddable":true,"href":"https:\/\/www.optimcar.fr\/wp-json\/wp\/v2\/users\/1"}],"replies":[{"embeddable":true,"href":"https:\/\/www.optimcar.fr\/wp-json\/wp\/v2\/comments?post=6175"}],"version-history":[{"count":14,"href":"https:\/\/www.optimcar.fr\/wp-json\/wp\/v2\/pages\/6175\/revisions"}],"predecessor-version":[{"id":8095,"href":"https:\/\/www.optimcar.fr\/wp-json\/wp\/v2\/pages\/6175\/revisions\/8095"}],"wp:attachment":[{"href":"https:\/\/www.optimcar.fr\/wp-json\/wp\/v2\/media?parent=6175"}],"curies":[{"name":"wp","href":"https:\/\/api.w.org\/{rel}","templated":true}]}}