{"id":4920,"date":"2023-12-27T07:28:00","date_gmt":"2023-12-27T07:28:00","guid":{"rendered":"https:\/\/wptf.themepul.co\/tronix\/?page_id=4920"},"modified":"2026-05-07T17:28:27","modified_gmt":"2026-05-07T15:28:27","slug":"site-internet-automobile","status":"publish","type":"page","link":"https:\/\/www.optimcar.fr\/it\/sito-web-automobilistico\/","title":{"rendered":"Site internet automobile"},"content":{"rendered":"\t\t<div data-elementor-type=\"wp-page\" data-elementor-id=\"4920\" class=\"elementor elementor-4920\">\n\t\t\t\t\t\t<section class=\"elementor-section elementor-top-section elementor-element elementor-element-f7186cf elementor-section-boxed elementor-section-height-default elementor-section-height-default\" data-id=\"f7186cf\" data-element_type=\"section\">\n\t\t\t\t\t\t<div class=\"elementor-container elementor-column-gap-default\">\n\t\t\t\t\t<div class=\"elementor-column elementor-col-100 elementor-top-column elementor-element elementor-element-f02fd94\" data-id=\"f02fd94\" data-element_type=\"column\">\n\t\t\t<div class=\"elementor-widget-wrap elementor-element-populated\">\n\t\t\t\t\t\t<div class=\"elementor-element elementor-element-53fd64d elementor-widget elementor-widget-optimcar_site_auto_page\" data-id=\"53fd64d\" data-element_type=\"widget\" data-widget_type=\"optimcar_site_auto_page.default\">\n\t\t\t\t<div class=\"elementor-widget-container\">\n\t\t\t\n        <div class=\"optimcar-site-page\">\n\n                    <nav class=\"optimcar-breadcrumb\" aria-label=\"Fil d&#039;Ariane\">\n            <div class=\"optimcar-site__wrap\">\n                <ol class=\"optimcar-breadcrumb__list\">\n                                            <li class=\"optimcar-breadcrumb__item\">\n                                                            <a href=\"\/\" class=\"optimcar-breadcrumb__link\">Accueil<\/a>\n                                                    <\/li>\n                                            <li class=\"optimcar-breadcrumb__item\">\n                                                            <a href=\"\/fonctionnalites\/\" class=\"optimcar-breadcrumb__link\">Fonctionnalit\u00e9s<\/a>\n                                                    <\/li>\n                                            <li class=\"optimcar-breadcrumb__item optimcar-breadcrumb__item--current\">\n                                                            <span class=\"optimcar-breadcrumb__current\" aria-current=\"page\">Site internet automobile<\/span>\n                                                    <\/li>\n                                    <\/ol>\n            <\/div>\n        <\/nav>\n        \n            <!-- ========================================================== -->\n            <!-- HERO                                                         -->\n            <!-- ========================================================== -->\n            <section class=\"optimcar-site__hero\">\n                <div class=\"optimcar-site__wrap\">\n\n                    \n                    <h1 class=\"optimcar-site__hero-title\">\n                        Renforcez votre pr\u00e9sence en ligne avec                                                    <em class=\"optimcar-site__hero-title-em\">un site vitrine connect\u00e9 \u00e0 votre stock VO<\/em>\n                                            <\/h1>\n\n                                            <p class=\"optimcar-site__hero-desc\">Profitez d&#039;une solution cl\u00e9 en main con\u00e7ue pour les professionnels de la vente automobile : design attractif, chargement rapide, technologie responsive et synchronisation automatique de vos v\u00e9hicules d&#039;occasion.<\/p>\n                    \n                                            <a href=\"https:\/\/www.optimcar.fr\/mon-siteauto\/\" class=\"optimcar-site__btn\">\n                            Cr\u00e9er mon site automobile \u2192                        <\/a>\n                    \n                <\/div>\n            <\/section>\n\n            <!-- ========================================================== -->\n            <!-- MONSITEAUTO                                                  -->\n            <!-- ========================================================== -->\n            <section class=\"optimcar-site__section optimcar-site__section--white\">\n                <div class=\"optimcar-site__wrap\">\n\n                    \n                    <h2 class=\"optimcar-site__h2\">Cr\u00e9ez votre site internet automobile avec MonSiteAuto.fr<\/h2>\n\n                                            <p class=\"optimcar-site__p\">Optimcar s&#039;est associ\u00e9 \u00e0 MonSiteAuto.fr pour vous proposer une solution de cr\u00e9ation de site internet automobile cl\u00e9 en main, directement connect\u00e9e \u00e0 votre logiciel de gestion VO.<\/p>\n                    \n                    <!-- Carte partenaire -->\n                    <div class=\"optimcar-site__msa-card\">\n\n                        <div class=\"optimcar-site__msa-card-top\">\n                            <span class=\"optimcar-site__msa-badge\">MonSiteAuto.fr<\/span>\n                            <span class=\"optimcar-site__msa-subtag\">Partenaire officiel Optimcar<\/span>\n                        <\/div>\n\n                        <h3 class=\"optimcar-site__msa-title\">Votre site synchronis\u00e9 avec votre stock VO en temps r\u00e9el<\/h3>\n                        <p class=\"optimcar-site__msa-desc\">Design attractif, chargement rapide, technologie responsive et personnalisation compl\u00e8te. Vos v\u00e9hicules d&#039;occasion s&#039;affichent automatiquement sur votre site d\u00e8s leur ajout dans Optimcar.<\/p>\n\n                                                    <img decoding=\"async\" src=\"https:\/\/www.optimcar.fr\/wp-content\/uploads\/2024\/05\/Design-sans-titre-87.png\" alt=\"MonSiteAuto.fr\" class=\"optimcar-site__msa-img\" loading=\"lazy\">\n                        \n                                                    <div class=\"optimcar-site__msa-feats\">\n                                                                    <div class=\"optimcar-site__msa-feat\">\n                                        Design personnalis\u00e9 \u00e0 votre image                                    <\/div>\n                                                                    <div class=\"optimcar-site__msa-feat\">\n                                        5 th\u00e8mes au choix selon votre activit\u00e9                                    <\/div>\n                                                                    <div class=\"optimcar-site__msa-feat\">\n                                        Stock VO synchronis\u00e9 en temps r\u00e9el                                    <\/div>\n                                                                    <div class=\"optimcar-site__msa-feat\">\n                                        Nom de domaine inclus et r\u00e9serv\u00e9                                    <\/div>\n                                                                    <div class=\"optimcar-site__msa-feat\">\n                                        Fiches v\u00e9hicules et formulaires de contact                                    <\/div>\n                                                                    <div class=\"optimcar-site__msa-feat\">\n                                        Optimisation SEO locale int\u00e9gr\u00e9e                                    <\/div>\n                                                                    <div class=\"optimcar-site__msa-feat\">\n                                        Gestion de contenu en autonomie                                    <\/div>\n                                                                    <div class=\"optimcar-site__msa-feat\">\n                                        H\u00e9bergement s\u00e9curis\u00e9 et maintenance inclus                                    <\/div>\n                                                            <\/div>\n                        \n                                                    <a href=\"https:\/\/www.optimcar.fr\/mon-siteauto\/\" class=\"optimcar-site__msa-cta\" target=\"_blank\" rel=\"noopener noreferrer\">\n                                Cr\u00e9er mon site avec MonSiteAuto.fr \u2192                            <\/a>\n                        \n                    <\/div>\n\n                <\/div>\n            <\/section>\n\n            <!-- ========================================================== -->\n            <!-- \u00c9TAPES                                                       -->\n            <!-- ========================================================== -->\n            <section class=\"optimcar-site__section optimcar-site__section--alt\">\n                <div class=\"optimcar-site__wrap\">\n\n                                            <p class=\"optimcar-site__tag\">Cr\u00e9ation simple et rapide<\/p>\n                    \n                    <h2 class=\"optimcar-site__h2\">Votre site internet automobile cr\u00e9\u00e9 en 5 \u00e9tapes<\/h2>\n\n                                            <p class=\"optimcar-site__p\">La cr\u00e9ation est guid\u00e9e de A \u00e0 Z, sans comp\u00e9tences techniques requises.<\/p>\n                    \n                                            <div class=\"optimcar-site__steps\">\n                                                            <div class=\"optimcar-site__step\">\n                                    <div class=\"optimcar-site__step-num\">1<\/div>\n                                    <div class=\"optimcar-site__step-body\">\n                                        <h3 class=\"optimcar-site__step-title\">Choix du nom de domaine<\/h3>\n                                        <p class=\"optimcar-site__step-desc\">Vous n&#039;avez pas de nom de domaine ? Nous le r\u00e9servons et vous le confions.<\/p>\n                                    <\/div>\n                                <\/div>\n                                                            <div class=\"optimcar-site__step\">\n                                    <div class=\"optimcar-site__step-num\">2<\/div>\n                                    <div class=\"optimcar-site__step-body\">\n                                        <h3 class=\"optimcar-site__step-title\">S\u00e9lection du th\u00e8me parmi 5 designs<\/h3>\n                                        <p class=\"optimcar-site__step-desc\">Un th\u00e8me adapt\u00e9 \u00e0 votre profil, personnalisable \u00e0 vos couleurs et votre identit\u00e9 visuelle.<\/p>\n                                    <\/div>\n                                <\/div>\n                                                            <div class=\"optimcar-site__step\">\n                                    <div class=\"optimcar-site__step-num\">3<\/div>\n                                    <div class=\"optimcar-site__step-body\">\n                                        <h3 class=\"optimcar-site__step-title\">Cr\u00e9ation instantan\u00e9e<\/h3>\n                                        <p class=\"optimcar-site__step-desc\">Votre site est g\u00e9n\u00e9r\u00e9 en quelques instants, connect\u00e9 directement \u00e0 votre stock Optimcar.<\/p>\n                                    <\/div>\n                                <\/div>\n                                                            <div class=\"optimcar-site__step\">\n                                    <div class=\"optimcar-site__step-num\">4<\/div>\n                                    <div class=\"optimcar-site__step-body\">\n                                        <h3 class=\"optimcar-site__step-title\">Accompagnement \u00e0 la configuration<\/h3>\n                                        <p class=\"optimcar-site__step-desc\">Notre \u00e9quipe vous aide \u00e0 param\u00e9trer votre site, le SEO local et vos formulaires de contact.<\/p>\n                                    <\/div>\n                                <\/div>\n                                                            <div class=\"optimcar-site__step\">\n                                    <div class=\"optimcar-site__step-num\">5<\/div>\n                                    <div class=\"optimcar-site__step-body\">\n                                        <h3 class=\"optimcar-site__step-title\">Votre site est en ligne<\/h3>\n                                        <p class=\"optimcar-site__step-desc\">Accessible, index\u00e9 et connect\u00e9 \u00e0 votre stock VO en temps r\u00e9el. Vous g\u00e9rez votre contenu en autonomie depuis votre espace Optimcar.<\/p>\n                                    <\/div>\n                                <\/div>\n                                                    <\/div>\n                    \n                <\/div>\n            <\/section>\n\n            <!-- ========================================================== -->\n            <!-- CTA INLINE                                                   -->\n            <!-- ========================================================== -->\n                            <section class=\"optimcar-site__section optimcar-site__section--white\">\n                    <div class=\"optimcar-site__wrap\">\n                        <div class=\"optimcar-site__cta-inline\">\n                            <h3 class=\"optimcar-site__cta-title\">Cr\u00e9ez votre site internet automobile d\u00e8s aujourd&#039;hui<\/h3>\n                            <p class=\"optimcar-site__cta-desc\">En partenariat avec MonSiteAuto.fr. Design personnalis\u00e9, SEO local, synchronisation stock VO en temps r\u00e9el.<\/p>\n                            <a href=\"https:\/\/www.optimcar.fr\/demo\/\" class=\"optimcar-site__btn\">\n                                Demander une d\u00e9mo \u2192                            <\/a>\n                                                            <div class=\"optimcar-site__cta-reassure\">\n                                                                            <span>Partenaire officiel MonSiteAuto.fr<\/span>\n                                                                            <span>Stock VO synchronis\u00e9 en temps r\u00e9el<\/span>\n                                                                            <span>Cr\u00e9ation en moins de 24h<\/span>\n                                                                    <\/div>\n                                                    <\/div>\n                    <\/div>\n                <\/section>\n            \n            <!-- ========================================================== -->\n            <!-- LIENS INTERNES                                               -->\n            <!-- ========================================================== -->\n                            <div class=\"optimcar-site__links-bar\">\n                    <div class=\"optimcar-site__wrap\">\n                        <p class=\"optimcar-site__links-label\">D\u00e9couvrir les autres fonctionnalit\u00e9s Optimcar<\/p>\n                        <div class=\"optimcar-site__pills\">\n                                                            <a href=\"https:\/\/www.optimcar.fr\/logiciel-automobile-saas-dms\/\" class=\"optimcar-site__pill\">\n                                    Logiciel DMS Automobile                                <\/a>\n                                                            <a href=\"https:\/\/www.optimcar.fr\/multidiffusion-de-vehicules\/\" class=\"optimcar-site__pill\">\n                                    Multidiffusion d&#039;annonces                                <\/a>\n                                                            <a href=\"https:\/\/www.optimcar.fr\/crm-automobile\/\" class=\"optimcar-site__pill\">\n                                    CRM Automobile                                <\/a>\n                                                            <a href=\"https:\/\/www.optimcar.fr\/siv\/\" class=\"optimcar-site__pill\">\n                                    SIV int\u00e9gr\u00e9                                <\/a>\n                                                            <a href=\"https:\/\/www.optimcar.fr\/gestion-atelier-automobile\/\" class=\"optimcar-site__pill\">\n                                    Gestion atelier                                <\/a>\n                                                            <a href=\"https:\/\/www.optimcar.fr\/tarifs\/\" class=\"optimcar-site__pill\">\n                                    Tarifs                                <\/a>\n                                                    <\/div>\n                    <\/div>\n                <\/div>\n            \n        <\/div><!-- .optimcar-site-page -->\n\n        \t\t<\/div>\n\t\t\t\t<\/div>\n\t\t\t\t\t<\/div>\n\t\t<\/div>\n\t\t\t\t\t<\/div>\n\t\t<\/section>\n\t\t\t\t<\/div>\n\t\t","protected":false},"excerpt":{"rendered":"<p>Accueil Fonctionnalit\u00e9s Site internet automobile Renforcez votre pr\u00e9sence en ligne avec un site vitrine connect\u00e9 \u00e0 votre stock VO Profitez d&#039;une solution cl\u00e9 en main con\u00e7ue pour les professionnels de la vente automobile : design attractif, chargement rapide, technologie responsive et synchronisation automatique de vos v\u00e9hicules d&#039;occasion. Cr\u00e9er mon site automobile \u2192 Cr\u00e9ez votre site [&hellip;]<\/p>\n","protected":false},"author":1,"featured_media":0,"parent":0,"menu_order":0,"comment_status":"closed","ping_status":"closed","template":"blank-template.php","meta":{"_monsterinsights_skip_tracking":false,"_monsterinsights_sitenote_active":false,"_monsterinsights_sitenote_note":"","_monsterinsights_sitenote_category":0,"footnotes":""},"class_list":["post-4920","page","type-page","status-publish","hentry"],"yoast_head":"<!-- This site is optimized with the Yoast SEO plugin v24.4 - https:\/\/yoast.com\/wordpress\/plugins\/seo\/ -->\n<title>Optimcar \u2013 Solution cl\u00e9 en main pour la cr\u00e9ation de site internet automobile pour professionnels<\/title>\n<meta name=\"description\" content=\"D\u00e9veloppez votre visibilit\u00e9 en ligne avec un site internet automobile adapt\u00e9 \u00e0 votre activit\u00e9 : visibilit\u00e9, g\u00e9n\u00e9ration de leads et mise en avant des v\u00e9hicules.\" \/>\n<meta name=\"robots\" content=\"index, follow, max-snippet:-1, max-image-preview:large, max-video-preview:-1\" \/>\n<link rel=\"canonical\" href=\"https:\/\/www.optimcar.fr\/it\/\" \/>\n<meta property=\"og:locale\" content=\"fr_FR\" \/>\n<meta property=\"og:type\" content=\"article\" \/>\n<meta property=\"og:title\" content=\"Optimcar \u2013 Solution cl\u00e9 en main pour la cr\u00e9ation de site internet automobile pour professionnels\" \/>\n<meta property=\"og:description\" content=\"D\u00e9veloppez votre visibilit\u00e9 en ligne avec un site internet automobile adapt\u00e9 \u00e0 votre activit\u00e9 : visibilit\u00e9, g\u00e9n\u00e9ration de leads et mise en avant des v\u00e9hicules.\" \/>\n<meta property=\"og:url\" content=\"https:\/\/www.optimcar.fr\/site-internet-automobile\/\" \/>\n<meta property=\"og:site_name\" content=\"Optimcar\" \/>\n<meta property=\"article:modified_time\" content=\"2026-05-07T15:28:27+00:00\" \/>\n<meta property=\"og:image\" content=\"https:\/\/www.optimcar.fr\/wp-content\/uploads\/2024\/05\/Design-sans-titre-87.png\" \/>\n<meta name=\"twitter:card\" content=\"summary_large_image\" \/>\n<meta name=\"twitter:label1\" content=\"Tempo di lettura stimato\" \/>\n\t<meta name=\"twitter:data1\" content=\"3 minuti\" \/>\n<script type=\"application\/ld+json\" class=\"yoast-schema-graph\">{\"@context\":\"https:\/\/schema.org\",\"@graph\":[{\"@type\":\"WebPage\",\"@id\":\"https:\/\/www.optimcar.fr\/site-internet-automobile\/\",\"url\":\"https:\/\/www.optimcar.fr\/site-internet-automobile\/\",\"name\":\"Optimcar \u2013 Solution cl\u00e9 en main pour la cr\u00e9ation de site internet automobile pour professionnels\",\"isPartOf\":{\"@id\":\"https:\/\/www.optimcar.fr\/#website\"},\"primaryImageOfPage\":{\"@id\":\"https:\/\/www.optimcar.fr\/site-internet-automobile\/#primaryimage\"},\"image\":{\"@id\":\"https:\/\/www.optimcar.fr\/site-internet-automobile\/#primaryimage\"},\"thumbnailUrl\":\"https:\/\/www.optimcar.fr\/wp-content\/uploads\/2024\/05\/Design-sans-titre-87.png\",\"datePublished\":\"2023-12-27T07:28:00+00:00\",\"dateModified\":\"2026-05-07T15:28:27+00:00\",\"description\":\"D\u00e9veloppez votre visibilit\u00e9 en ligne avec un site internet automobile adapt\u00e9 \u00e0 votre activit\u00e9 : visibilit\u00e9, g\u00e9n\u00e9ration de leads et mise en avant des v\u00e9hicules.\",\"breadcrumb\":{\"@id\":\"https:\/\/www.optimcar.fr\/site-internet-automobile\/#breadcrumb\"},\"inLanguage\":\"it-IT\",\"potentialAction\":[{\"@type\":\"ReadAction\",\"target\":[\"https:\/\/www.optimcar.fr\/site-internet-automobile\/\"]}]},{\"@type\":\"ImageObject\",\"inLanguage\":\"it-IT\",\"@id\":\"https:\/\/www.optimcar.fr\/site-internet-automobile\/#primaryimage\",\"url\":\"https:\/\/www.optimcar.fr\/wp-content\/uploads\/2024\/05\/Design-sans-titre-87.png\",\"contentUrl\":\"https:\/\/www.optimcar.fr\/wp-content\/uploads\/2024\/05\/Design-sans-titre-87.png\",\"width\":1380,\"height\":920},{\"@type\":\"BreadcrumbList\",\"@id\":\"https:\/\/www.optimcar.fr\/site-internet-automobile\/#breadcrumb\",\"itemListElement\":[{\"@type\":\"ListItem\",\"position\":1,\"name\":\"Accueil\",\"item\":\"https:\/\/www.optimcar.fr\/\"},{\"@type\":\"ListItem\",\"position\":2,\"name\":\"Site internet automobile\"}]},{\"@type\":\"WebSite\",\"@id\":\"https:\/\/www.optimcar.fr\/#website\",\"url\":\"https:\/\/www.optimcar.fr\/\",\"name\":\"PiloteVO\",\"description\":\"\",\"publisher\":{\"@id\":\"https:\/\/www.optimcar.fr\/#organization\"},\"potentialAction\":[{\"@type\":\"SearchAction\",\"target\":{\"@type\":\"EntryPoint\",\"urlTemplate\":\"https:\/\/www.optimcar.fr\/?s={search_term_string}\"},\"query-input\":{\"@type\":\"PropertyValueSpecification\",\"valueRequired\":true,\"valueName\":\"search_term_string\"}}],\"inLanguage\":\"it-IT\"},{\"@type\":\"Organization\",\"@id\":\"https:\/\/www.optimcar.fr\/#organization\",\"name\":\"PiloteVO\",\"url\":\"https:\/\/www.optimcar.fr\/\",\"logo\":{\"@type\":\"ImageObject\",\"inLanguage\":\"it-IT\",\"@id\":\"https:\/\/www.optimcar.fr\/#\/schema\/logo\/image\/\",\"url\":\"https:\/\/www.pilotevo.fr\/wp-content\/uploads\/2023\/06\/logo-20.png\",\"contentUrl\":\"https:\/\/www.pilotevo.fr\/wp-content\/uploads\/2023\/06\/logo-20.png\",\"width\":390,\"height\":86,\"caption\":\"PiloteVO\"},\"image\":{\"@id\":\"https:\/\/www.optimcar.fr\/#\/schema\/logo\/image\/\"}}]}<\/script>\n<!-- \/ Yoast SEO plugin. -->","yoast_head_json":{"title":"Optimcar \u2013 Solution cl\u00e9 en main pour la cr\u00e9ation de site internet automobile pour professionnels","description":"D\u00e9veloppez votre visibilit\u00e9 en ligne avec un site internet automobile adapt\u00e9 \u00e0 votre activit\u00e9 : visibilit\u00e9, g\u00e9n\u00e9ration de leads et mise en avant des v\u00e9hicules.","robots":{"index":"index","follow":"follow","max-snippet":"max-snippet:-1","max-image-preview":"max-image-preview:large","max-video-preview":"max-video-preview:-1"},"canonical":"https:\/\/www.optimcar.fr\/site-internet-automobile\/","og_locale":"fr_FR","og_type":"article","og_title":"Optimcar \u2013 Solution cl\u00e9 en main pour la cr\u00e9ation de site internet automobile pour professionnels","og_description":"D\u00e9veloppez votre visibilit\u00e9 en ligne avec un site internet automobile adapt\u00e9 \u00e0 votre activit\u00e9 : visibilit\u00e9, g\u00e9n\u00e9ration de leads et mise en avant des v\u00e9hicules.","og_url":"https:\/\/www.optimcar.fr\/site-internet-automobile\/","og_site_name":"Optimcar","article_modified_time":"2026-05-07T15:28:27+00:00","og_image":[{"url":"https:\/\/www.optimcar.fr\/wp-content\/uploads\/2024\/05\/Design-sans-titre-87.png","type":"","width":"","height":""}],"twitter_card":"summary_large_image","twitter_misc":{"Tempo di lettura stimato":"3 minuti"},"schema":{"@context":"https:\/\/schema.org","@graph":[{"@type":"WebPage","@id":"https:\/\/www.optimcar.fr\/site-internet-automobile\/","url":"https:\/\/www.optimcar.fr\/site-internet-automobile\/","name":"Optimcar \u2013 Solution cl\u00e9 en main pour la cr\u00e9ation de site internet automobile pour professionnels","isPartOf":{"@id":"https:\/\/www.optimcar.fr\/#website"},"primaryImageOfPage":{"@id":"https:\/\/www.optimcar.fr\/site-internet-automobile\/#primaryimage"},"image":{"@id":"https:\/\/www.optimcar.fr\/site-internet-automobile\/#primaryimage"},"thumbnailUrl":"https:\/\/www.optimcar.fr\/wp-content\/uploads\/2024\/05\/Design-sans-titre-87.png","datePublished":"2023-12-27T07:28:00+00:00","dateModified":"2026-05-07T15:28:27+00:00","description":"D\u00e9veloppez votre visibilit\u00e9 en ligne avec un site internet automobile adapt\u00e9 \u00e0 votre activit\u00e9 : visibilit\u00e9, g\u00e9n\u00e9ration de leads et mise en avant des v\u00e9hicules.","breadcrumb":{"@id":"https:\/\/www.optimcar.fr\/site-internet-automobile\/#breadcrumb"},"inLanguage":"it-IT","potentialAction":[{"@type":"ReadAction","target":["https:\/\/www.optimcar.fr\/site-internet-automobile\/"]}]},{"@type":"ImageObject","inLanguage":"it-IT","@id":"https:\/\/www.optimcar.fr\/site-internet-automobile\/#primaryimage","url":"https:\/\/www.optimcar.fr\/wp-content\/uploads\/2024\/05\/Design-sans-titre-87.png","contentUrl":"https:\/\/www.optimcar.fr\/wp-content\/uploads\/2024\/05\/Design-sans-titre-87.png","width":1380,"height":920},{"@type":"BreadcrumbList","@id":"https:\/\/www.optimcar.fr\/site-internet-automobile\/#breadcrumb","itemListElement":[{"@type":"ListItem","position":1,"name":"Accueil","item":"https:\/\/www.optimcar.fr\/"},{"@type":"ListItem","position":2,"name":"Site internet automobile"}]},{"@type":"WebSite","@id":"https:\/\/www.optimcar.fr\/#website","url":"https:\/\/www.optimcar.fr\/","name":"PiloteVO","description":"","publisher":{"@id":"https:\/\/www.optimcar.fr\/#organization"},"potentialAction":[{"@type":"SearchAction","target":{"@type":"EntryPoint","urlTemplate":"https:\/\/www.optimcar.fr\/?s={search_term_string}"},"query-input":{"@type":"PropertyValueSpecification","valueRequired":true,"valueName":"search_term_string"}}],"inLanguage":"it-IT"},{"@type":"Organization","@id":"https:\/\/www.optimcar.fr\/#organization","name":"PiloteVO","url":"https:\/\/www.optimcar.fr\/","logo":{"@type":"ImageObject","inLanguage":"it-IT","@id":"https:\/\/www.optimcar.fr\/#\/schema\/logo\/image\/","url":"https:\/\/www.pilotevo.fr\/wp-content\/uploads\/2023\/06\/logo-20.png","contentUrl":"https:\/\/www.pilotevo.fr\/wp-content\/uploads\/2023\/06\/logo-20.png","width":390,"height":86,"caption":"PiloteVO"},"image":{"@id":"https:\/\/www.optimcar.fr\/#\/schema\/logo\/image\/"}}]}},"_links":{"self":[{"href":"https:\/\/www.optimcar.fr\/wp-json\/wp\/v2\/pages\/4920","targetHints":{"allow":["GET"]}}],"collection":[{"href":"https:\/\/www.optimcar.fr\/wp-json\/wp\/v2\/pages"}],"about":[{"href":"https:\/\/www.optimcar.fr\/wp-json\/wp\/v2\/types\/page"}],"author":[{"embeddable":true,"href":"https:\/\/www.optimcar.fr\/wp-json\/wp\/v2\/users\/1"}],"replies":[{"embeddable":true,"href":"https:\/\/www.optimcar.fr\/wp-json\/wp\/v2\/comments?post=4920"}],"version-history":[{"count":131,"href":"https:\/\/www.optimcar.fr\/wp-json\/wp\/v2\/pages\/4920\/revisions"}],"predecessor-version":[{"id":8535,"href":"https:\/\/www.optimcar.fr\/wp-json\/wp\/v2\/pages\/4920\/revisions\/8535"}],"wp:attachment":[{"href":"https:\/\/www.optimcar.fr\/wp-json\/wp\/v2\/media?parent=4920"}],"curies":[{"name":"wp","href":"https:\/\/api.w.org\/{rel}","templated":true}]}}